{"id":282,"date":"2023-11-28T19:48:05","date_gmt":"2023-11-28T18:48:05","guid":{"rendered":"https:\/\/dev.saller-bau.com\/?page_id=282"},"modified":"2024-10-16T16:20:59","modified_gmt":"2024-10-16T14:20:59","slug":"kontakt","status":"publish","type":"page","link":"https:\/\/saller-leasing.com\/cs\/kontakt\/","title":{"rendered":"Kontakt"},"content":{"rendered":"\n<div style=\"height:25px\" aria-hidden=\"true\" class=\"wp-block-spacer\"><\/div>\n\n\n\n<div class=\"wp-block-columns is-layout-flex wp-container-core-columns-is-layout-9d6595d7 wp-block-columns-is-layout-flex\">\n<div class=\"wp-block-column is-layout-flow wp-block-column-is-layout-flow\">\n<div class=\"wpcf7 no-js\" id=\"wpcf7-f602-o1\" lang=\"cs-CZ\" dir=\"ltr\" data-wpcf7-id=\"602\">\n<div class=\"screen-reader-response\"><p role=\"status\" aria-live=\"polite\" aria-atomic=\"true\"><\/p> <ul><\/ul><\/div>\n<form action=\"\/cs\/wp-json\/wp\/v2\/pages\/282#wpcf7-f602-o1\" method=\"post\" class=\"wpcf7-form init wpcf7-acceptance-as-validation\" aria-label=\"Kontaktn\u00ed formul\u00e1\u0159\" novalidate=\"novalidate\" data-status=\"init\">\n<fieldset class=\"hidden-fields-container\"><input type=\"hidden\" name=\"_wpcf7\" value=\"602\" \/><input type=\"hidden\" name=\"_wpcf7_version\" value=\"6.1.5\" \/><input type=\"hidden\" name=\"_wpcf7_locale\" value=\"cs_CZ\" \/><input type=\"hidden\" name=\"_wpcf7_unit_tag\" value=\"wpcf7-f602-o1\" \/><input type=\"hidden\" name=\"_wpcf7_container_post\" value=\"0\" \/><input type=\"hidden\" name=\"_wpcf7_posted_data_hash\" value=\"\" \/>\n<\/fieldset>\n<p><label> Va\u0161e jm\u00e9no (povinn\u00e9 pole)<br \/>\n<span class=\"wpcf7-form-control-wrap\" data-name=\"your-name\"><input size=\"40\" maxlength=\"400\" class=\"wpcf7-form-control wpcf7-text wpcf7-validates-as-required\" autocomplete=\"name\" aria-required=\"true\" aria-invalid=\"false\" value=\"\" type=\"text\" name=\"your-name\" \/><\/span> <\/label>\n<\/p>\n<p><label> Va\u0161e e-mailov\u00e1 adresa (povinn\u00e9 pole)<br \/>\n<span class=\"wpcf7-form-control-wrap\" data-name=\"your-email\"><input size=\"40\" maxlength=\"400\" class=\"wpcf7-form-control wpcf7-email wpcf7-validates-as-required wpcf7-text wpcf7-validates-as-email\" autocomplete=\"email\" aria-required=\"true\" aria-invalid=\"false\" value=\"\" type=\"email\" name=\"your-email\" \/><\/span> <\/label>\n<\/p>\n<p><label> P\u0159edm\u011bt<br \/>\n<span class=\"wpcf7-form-control-wrap\" data-name=\"your-subject\"><select class=\"wpcf7-form-control wpcf7-select\" aria-invalid=\"false\" name=\"your-subject\"><option value=\"\u017d\u00e1dost o pron\u00e1jem\">\u017d\u00e1dost o pron\u00e1jem<\/option><option value=\"Hled\u00e1n\u00ed pr\u00e1ce\">Hled\u00e1n\u00ed pr\u00e1ce<\/option><option value=\"Nab\u00eddky nemovitost\u00ed\">Nab\u00eddky nemovitost\u00ed<\/option><\/select><\/span> <\/label>\n<\/p>\n<p><label> Va\u0161e zpr\u00e1va (nepovinn\u00e9)<br \/>\n<span class=\"wpcf7-form-control-wrap\" data-name=\"your-message\"><textarea cols=\"40\" rows=\"10\" maxlength=\"2000\" class=\"wpcf7-form-control wpcf7-textarea\" aria-invalid=\"false\" name=\"your-message\"><\/textarea><\/span> <\/label>\n<\/p>\n<p class=\"datenschutz\"><br \/>\n<strong>Ochrana \u00fadaj\u016f<\/strong><br \/>\n<span class=\"wpcf7-form-control-wrap\" data-name=\"zustimmung-datenschutz\"><span class=\"wpcf7-form-control wpcf7-acceptance\"><span class=\"wpcf7-list-item\"><label><input type=\"checkbox\" name=\"zustimmung-datenschutz\" value=\"1\" aria-invalid=\"false\" \/><span class=\"wpcf7-list-item-label\">Souhlas\u00edm s t\u00edm, \u017ee m\u00e9 \u00fadaje v tomto kontaktn\u00edm formul\u00e1\u0159i budou shroma\u017e\u010fov\u00e1ny a zpracov\u00e1v\u00e1ny za \u00fa\u010delem zodpov\u011bzen\u00ed m\u00e9ho dotazu. \n Beru na v\u011bdom\u00ed, \u017ee tento souhlas mohu kdykoli odvolat zasl\u00e1n\u00edm e-mailu na adresu info@saller-bau.com. Dal\u0161\u00ed informace o nakl\u00e1d\u00e1n\u00ed s u\u017eivatelsk\u00fdmi \u00fadaji naleznete v <a href=\"https:\/\/saller-leasing.com\/\">z\u00e1sad\u00e1ch ochrany osobn\u00edch \u00fadaj\u016f<\/a>.<\/span><\/label><\/span><\/span><\/span>\n<\/p>\n<p><input class=\"wpcf7-form-control wpcf7-submit has-spinner\" type=\"submit\" value=\"Odeslat\" \/>\n<\/p><div class=\"wpcf7-response-output\" aria-hidden=\"true\"><\/div>\n<\/form>\n<\/div>\n\n<\/div>\n\n\n\n<div class=\"wp-block-column is-layout-flow wp-block-column-is-layout-flow\" style=\"flex-basis:33.33%\">\n<figure class=\"wp-block-image size-large is-resized\"><img decoding=\"async\" width=\"1024\" height=\"837\" src=\"https:\/\/saller-leasing.com\/wp-content\/uploads\/2024\/08\/Saller-1-1024x837.png\" alt=\"\" class=\"wp-image-1236\" style=\"width:143px;height:auto\" srcset=\"https:\/\/saller-leasing.com\/wp-content\/uploads\/2024\/08\/Saller-1-1024x837.png 1024w, https:\/\/saller-leasing.com\/wp-content\/uploads\/2024\/08\/Saller-1-300x245.png 300w, https:\/\/saller-leasing.com\/wp-content\/uploads\/2024\/08\/Saller-1-768x627.png 768w, https:\/\/saller-leasing.com\/wp-content\/uploads\/2024\/08\/Saller-1-122x100.png 122w, https:\/\/saller-leasing.com\/wp-content\/uploads\/2024\/08\/Saller-1.png 1191w\" sizes=\"(max-width: 1024px) 100vw, 1024px\" \/><\/figure>\n\n\n\n<p class=\"has-text-align-left\">Obchodn\u00ed z\u00f3na 266<br>431 11 Otvice<br>\u010cesk\u00e1 republika<br>Tel: +420 474 638 940<br>E-Mail: <a href=\"mailto:info@saller-bau.com\">info@saller-bau.com<\/a><\/p>\n<\/div>\n<\/div>\n\n\n\n<div style=\"height:25px\" aria-hidden=\"true\" class=\"wp-block-spacer\"><\/div>\n\n\n \n<div data-block=\"gutenkit\/container\" data-post-id=\"282\" id=\"block-cc205ce8-16af-48f8-8f30-c19fd4971e3b\" class=\"wp-block-gutenkit-container alignfull gkit971e3b gutenkit-block\"><div class=\"gkit-block__inner\">\n<div class=\"wp-block-columns are-vertically-aligned-center has-background is-layout-flex wp-container-core-columns-is-layout-9d6595d7 wp-block-columns-is-layout-flex\" style=\"background-color:#e3e3e3\">\n<div class=\"wp-block-column is-vertically-aligned-center is-layout-flow wp-block-column-is-layout-flow\">\n<h4 class=\"wp-block-heading has-text-color has-link-color wp-elements-8f402ff1a8213663f3d219c97696b844\" id=\"0-compliance-syst%C3%A9m-nahla%C5%A1ov%C3%A1n%C3%AD-\" style=\"color:#00305b\"><strong>Compliance syst\u00e9m nahla\u0161ov\u00e1n\u00ed<\/strong><\/h4>\n\n\n\n<p style=\"font-size:16px\">Saller Group zavedla platformu pro hl\u00e1\u0161en\u00ed neleg\u00e1ln\u00edho a neetick\u00e9ho chov\u00e1n\u00ed \u010di poru\u0161ov\u00e1n\u00ed p\u0159edpis\u016f. <br>Ve\u0161ker\u00e9 informace budou d\u016fv\u011brn\u011b zpracov\u00e1v\u00e1ny pov\u011b\u0159enou osobou.<\/p>\n\n\n\n<p style=\"font-size:16px\">&nbsp;Na n\u00e1sleduj\u00edc\u00edm odkazu m\u016f\u017eete podat hl\u00e1\u0161en\u00ed:<\/p>\n\n\n\n<p style=\"font-size:16px\"><strong><a href=\"https:\/\/sallerbau.integrityline.app\/?lang=cs\">Compliance System (CZ)<\/a>&nbsp;<\/strong><\/p>\n\n\n\n<p style=\"font-size:16px\"><strong><a href=\"https:\/\/sallerbau.integrityline.app\/?lang=sk\">Compliance System (SK)<\/a><\/strong><\/p>\n<\/div>\n<\/div>\n<\/div><\/div>\n ","protected":false},"excerpt":{"rendered":"Obchodn\u00ed z\u00f3na 266431 11 Otvice\u010cesk\u00e1 republikaTel: +420 474 638 940E-Mail: info@saller-bau.com [&#8230;]<p><a class=\"btn btn-secondary understrap-read-more-link\" href=\"https:\/\/saller-leasing.com\/cs\/kontakt\/\">\u010c\u00edst d\u00e1le&#8230;<span class=\"screen-reader-text\"> from Kontakt<\/span><\/a><\/p>","protected":false},"author":1,"featured_media":0,"parent":0,"menu_order":0,"comment_status":"closed","ping_status":"closed","template":"","meta":{"_acf_changed":false,"inline_featured_image":false,"postBodyCss":"","postBodyMargin":[],"postBodyPadding":[],"postBodyBackground":{"backgroundType":"classic","gradient":""},"footnotes":""},"class_list":["post-282","page","type-page","status-publish","hentry"],"featured_image_src":null,"acf":[],"yoast_head":"<!-- This site is optimized with the Yoast SEO plugin v27.3 - https:\/\/yoast.com\/product\/yoast-seo-wordpress\/ -->\n<title>Kontakt - Saller Leasing<\/title>\n<meta name=\"robots\" content=\"noindex, nofollow\" \/>\n<script type=\"application\/ld+json\" class=\"yoast-schema-graph\">{\"@context\":\"https:\\\/\\\/schema.org\",\"@graph\":[{\"@type\":\"WebPage\",\"@id\":\"https:\\\/\\\/saller-leasing.com\\\/cs\\\/kontakt\\\/\",\"url\":\"https:\\\/\\\/saller-leasing.com\\\/cs\\\/kontakt\\\/\",\"name\":\"Kontakt - Saller Leasing\",\"isPartOf\":{\"@id\":\"https:\\\/\\\/saller-leasing.com\\\/cs\\\/#website\"},\"primaryImageOfPage\":{\"@id\":\"https:\\\/\\\/saller-leasing.com\\\/cs\\\/kontakt\\\/#primaryimage\"},\"image\":{\"@id\":\"https:\\\/\\\/saller-leasing.com\\\/cs\\\/kontakt\\\/#primaryimage\"},\"thumbnailUrl\":\"https:\\\/\\\/saller-leasing.com\\\/wp-content\\\/uploads\\\/2024\\\/08\\\/Saller-1-1024x837.png\",\"datePublished\":\"2023-11-28T18:48:05+00:00\",\"dateModified\":\"2024-10-16T14:20:59+00:00\",\"breadcrumb\":{\"@id\":\"https:\\\/\\\/saller-leasing.com\\\/cs\\\/kontakt\\\/#breadcrumb\"},\"inLanguage\":\"cs\",\"potentialAction\":[{\"@type\":\"ReadAction\",\"target\":[\"https:\\\/\\\/saller-leasing.com\\\/cs\\\/kontakt\\\/\"]}]},{\"@type\":\"ImageObject\",\"inLanguage\":\"cs\",\"@id\":\"https:\\\/\\\/saller-leasing.com\\\/cs\\\/kontakt\\\/#primaryimage\",\"url\":\"https:\\\/\\\/saller-leasing.com\\\/wp-content\\\/uploads\\\/2024\\\/08\\\/Saller-1-1024x837.png\",\"contentUrl\":\"https:\\\/\\\/saller-leasing.com\\\/wp-content\\\/uploads\\\/2024\\\/08\\\/Saller-1-1024x837.png\"},{\"@type\":\"BreadcrumbList\",\"@id\":\"https:\\\/\\\/saller-leasing.com\\\/cs\\\/kontakt\\\/#breadcrumb\",\"itemListElement\":[{\"@type\":\"ListItem\",\"position\":1,\"name\":\"Startseite\",\"item\":\"https:\\\/\\\/saller-leasing.com\\\/cs\\\/\"},{\"@type\":\"ListItem\",\"position\":2,\"name\":\"Kontakt\"}]},{\"@type\":\"WebSite\",\"@id\":\"https:\\\/\\\/saller-leasing.com\\\/cs\\\/#website\",\"url\":\"https:\\\/\\\/saller-leasing.com\\\/cs\\\/\",\"name\":\"Saller\",\"description\":\"\",\"publisher\":{\"@id\":\"https:\\\/\\\/saller-leasing.com\\\/cs\\\/#organization\"},\"potentialAction\":[{\"@type\":\"SearchAction\",\"target\":{\"@type\":\"EntryPoint\",\"urlTemplate\":\"https:\\\/\\\/saller-leasing.com\\\/cs\\\/?s={search_term_string}\"},\"query-input\":{\"@type\":\"PropertyValueSpecification\",\"valueRequired\":true,\"valueName\":\"search_term_string\"}}],\"inLanguage\":\"cs\"},{\"@type\":\"Organization\",\"@id\":\"https:\\\/\\\/saller-leasing.com\\\/cs\\\/#organization\",\"name\":\"Saller Unternehmensgruppe\",\"url\":\"https:\\\/\\\/saller-leasing.com\\\/cs\\\/\",\"logo\":{\"@type\":\"ImageObject\",\"inLanguage\":\"cs\",\"@id\":\"https:\\\/\\\/saller-leasing.com\\\/cs\\\/#\\\/schema\\\/logo\\\/image\\\/\",\"url\":\"https:\\\/\\\/saller-leasing.com\\\/wp-content\\\/uploads\\\/2025\\\/03\\\/Saller-ohne-Group_Immob-aus-Leidenschaft_Spruch-gross-01.png\",\"contentUrl\":\"https:\\\/\\\/saller-leasing.com\\\/wp-content\\\/uploads\\\/2025\\\/03\\\/Saller-ohne-Group_Immob-aus-Leidenschaft_Spruch-gross-01.png\",\"width\":1308,\"height\":270,\"caption\":\"Saller Unternehmensgruppe\"},\"image\":{\"@id\":\"https:\\\/\\\/saller-leasing.com\\\/cs\\\/#\\\/schema\\\/logo\\\/image\\\/\"},\"sameAs\":[\"https:\\\/\\\/www.linkedin.com\\\/in\\\/sallergroup\\\/\"]}]}<\/script>\n<!-- \/ Yoast SEO plugin. -->","yoast_head_json":{"title":"Kontakt - Saller Leasing","robots":{"index":"noindex","follow":"nofollow"},"schema":{"@context":"https:\/\/schema.org","@graph":[{"@type":"WebPage","@id":"https:\/\/saller-leasing.com\/cs\/kontakt\/","url":"https:\/\/saller-leasing.com\/cs\/kontakt\/","name":"Kontakt - Saller Leasing","isPartOf":{"@id":"https:\/\/saller-leasing.com\/cs\/#website"},"primaryImageOfPage":{"@id":"https:\/\/saller-leasing.com\/cs\/kontakt\/#primaryimage"},"image":{"@id":"https:\/\/saller-leasing.com\/cs\/kontakt\/#primaryimage"},"thumbnailUrl":"https:\/\/saller-leasing.com\/wp-content\/uploads\/2024\/08\/Saller-1-1024x837.png","datePublished":"2023-11-28T18:48:05+00:00","dateModified":"2024-10-16T14:20:59+00:00","breadcrumb":{"@id":"https:\/\/saller-leasing.com\/cs\/kontakt\/#breadcrumb"},"inLanguage":"cs","potentialAction":[{"@type":"ReadAction","target":["https:\/\/saller-leasing.com\/cs\/kontakt\/"]}]},{"@type":"ImageObject","inLanguage":"cs","@id":"https:\/\/saller-leasing.com\/cs\/kontakt\/#primaryimage","url":"https:\/\/saller-leasing.com\/wp-content\/uploads\/2024\/08\/Saller-1-1024x837.png","contentUrl":"https:\/\/saller-leasing.com\/wp-content\/uploads\/2024\/08\/Saller-1-1024x837.png"},{"@type":"BreadcrumbList","@id":"https:\/\/saller-leasing.com\/cs\/kontakt\/#breadcrumb","itemListElement":[{"@type":"ListItem","position":1,"name":"Startseite","item":"https:\/\/saller-leasing.com\/cs\/"},{"@type":"ListItem","position":2,"name":"Kontakt"}]},{"@type":"WebSite","@id":"https:\/\/saller-leasing.com\/cs\/#website","url":"https:\/\/saller-leasing.com\/cs\/","name":"Saller","description":"","publisher":{"@id":"https:\/\/saller-leasing.com\/cs\/#organization"},"potentialAction":[{"@type":"SearchAction","target":{"@type":"EntryPoint","urlTemplate":"https:\/\/saller-leasing.com\/cs\/?s={search_term_string}"},"query-input":{"@type":"PropertyValueSpecification","valueRequired":true,"valueName":"search_term_string"}}],"inLanguage":"cs"},{"@type":"Organization","@id":"https:\/\/saller-leasing.com\/cs\/#organization","name":"Saller Unternehmensgruppe","url":"https:\/\/saller-leasing.com\/cs\/","logo":{"@type":"ImageObject","inLanguage":"cs","@id":"https:\/\/saller-leasing.com\/cs\/#\/schema\/logo\/image\/","url":"https:\/\/saller-leasing.com\/wp-content\/uploads\/2025\/03\/Saller-ohne-Group_Immob-aus-Leidenschaft_Spruch-gross-01.png","contentUrl":"https:\/\/saller-leasing.com\/wp-content\/uploads\/2025\/03\/Saller-ohne-Group_Immob-aus-Leidenschaft_Spruch-gross-01.png","width":1308,"height":270,"caption":"Saller Unternehmensgruppe"},"image":{"@id":"https:\/\/saller-leasing.com\/cs\/#\/schema\/logo\/image\/"},"sameAs":["https:\/\/www.linkedin.com\/in\/sallergroup\/"]}]}},"_links":{"self":[{"href":"https:\/\/saller-leasing.com\/cs\/wp-json\/wp\/v2\/pages\/282","targetHints":{"allow":["GET"]}}],"collection":[{"href":"https:\/\/saller-leasing.com\/cs\/wp-json\/wp\/v2\/pages"}],"about":[{"href":"https:\/\/saller-leasing.com\/cs\/wp-json\/wp\/v2\/types\/page"}],"author":[{"embeddable":true,"href":"https:\/\/saller-leasing.com\/cs\/wp-json\/wp\/v2\/users\/1"}],"replies":[{"embeddable":true,"href":"https:\/\/saller-leasing.com\/cs\/wp-json\/wp\/v2\/comments?post=282"}],"version-history":[{"count":24,"href":"https:\/\/saller-leasing.com\/cs\/wp-json\/wp\/v2\/pages\/282\/revisions"}],"predecessor-version":[{"id":1963,"href":"https:\/\/saller-leasing.com\/cs\/wp-json\/wp\/v2\/pages\/282\/revisions\/1963"}],"wp:attachment":[{"href":"https:\/\/saller-leasing.com\/cs\/wp-json\/wp\/v2\/media?parent=282"}],"curies":[{"name":"wp","href":"https:\/\/api.w.org\/{rel}","templated":true}]}}