{"id":392,"date":"2023-11-30T15:29:39","date_gmt":"2023-11-30T14:29:39","guid":{"rendered":"https:\/\/dev.saller-bau.com\/?page_id=392"},"modified":"2026-03-06T11:04:41","modified_gmt":"2026-03-06T10:04:41","slug":"otisk","status":"publish","type":"page","link":"https:\/\/saller-leasing.com\/cs\/otisk\/","title":{"rendered":"Otisk"},"content":{"rendered":"\n<div style=\"height:25px\" aria-hidden=\"true\" class=\"wp-block-spacer\"><\/div>\n\n\n\n<p class=\"has-text-color has-link-color wp-elements-17551781f8668119cd7235b3625a6fce\" style=\"color:#00305b\"><strong>Saller Dienstleistungs GmbH<\/strong><br>In der Buttergrube 9<br>99428 Weimar\u2013Legefeld<\/p>\n\n\n\n<p>Jednatel spole\u010dnosti opr\u00e1vn\u011bn\u00fd k jedn\u00e1n\u00ed: Josef Saller<\/p>\n\n\n\n<p>Tel.:\u00a0 +49 (0) 36 43 \/ 86 74 900<br>E-mail:\u00a0<a href=\"mailto:info@www.saller-bau.com\">info@www.saller-bau.com<\/a><\/p>\n\n\n\n<p>Rejst\u0159\u00edkov\u00fd soud: Jena<br>\u010c\u00edslo registrace: HRB 516291<br>DI\u010c: DE 327 394 002<\/p>\n\n\n\n<p><\/p>\n\n\n\n<h3 class=\"wp-block-heading\">Pr\u00e1vn\u00ed informace<\/h3>\n\n\n\n<p>Pou\u017e\u00edv\u00e1n\u00edm t\u011bchto internetov\u00fdch str\u00e1nek vyjad\u0159ujete sv\u016fj souhlas s\u00a0na\u0161imi Podm\u00ednkami u\u017e\u00edv\u00e1n\u00ed a dal\u0161\u00edmi platn\u00fdmi \u00fapravami WWW. Pe\u010dliv\u011b si pros\u00edm na\u0161e Podm\u00ednky u\u017e\u00edv\u00e1n\u00ed pro\u010dt\u011bte. Plat\u00ed pro v\u0161echny n\u00e1v\u0161t\u011bvy a pou\u017eit\u00ed internetov\u00fdch str\u00e1nek, stejn\u011b jako obsah, \u00fadaje, doporu\u010den\u00ed a\/nebo v\u00fdkony, kter\u00e9 na t\u011bchto str\u00e1nk\u00e1ch nebo jejich prost\u0159ednictv\u00edm obdr\u017e\u00edte. Pokud s\u00a0t\u011bmito Podm\u00ednkami u\u017e\u00edv\u00e1n\u00ed nesouhlas\u00edte, opus\u0165te pros\u00edm na\u0161e internetov\u00e9 str\u00e1nky.<\/p>\n\n\n\n<p>Internetov\u00e9 str\u00e1nky jsou v\u00a0na\u0161em vlastnictv\u00ed \u2013 v\u0161echny prvky jsou pr\u00e1vn\u011b chr\u00e1n\u011bny. Kop\u00edrov\u00e1n\u00ed a jak\u00e9koli jin\u00e9 pou\u017e\u00edv\u00e1n\u00ed ve\u0161ker\u00fdch obsah\u016f nen\u00ed bez na\u0161eho v\u00fdslovn\u00e9ho souhlasu dovoleno. Za p\u0159esnost, aktu\u00e1lnost a \u00faplnost v\u0161ech \u00fadaj\u016f a obsah\u016f neru\u010d\u00edme, pr\u00e1v\u011b tak jako za nep\u0159etr\u017eit\u00e9 a bezvadn\u00e9 fungov\u00e1n\u00ed t\u011bchto internetov\u00fdch str\u00e1nek. Vyhrazujeme si pr\u00e1vo kdykoli tyto internetov\u00e9 str\u00e1nky nebo jejich \u010d\u00e1sti ze s\u00edt\u011b odebrat.<\/p>\n\n\n\n<p>Nen\u00ed dovoleno na\u0161e internetov\u00e9 str\u00e1nky pou\u017e\u00edvat k\u00a0rozes\u00edl\u00e1n\u00ed nebo p\u0159en\u00e1\u0161en\u00ed materi\u00e1l\u016f, kter\u00e9 jsou nebo by mohly b\u00fdt vyhro\u017euj\u00edc\u00ed, poru\u0161uj\u00edc\u00ed pr\u00e1va, chybn\u00e9, zav\u00e1d\u011bj\u00edc\u00ed, pobu\u0159uj\u00edc\u00ed, hanliv\u00e9, naru\u0161uj\u00edc\u00ed soukrom\u00ed, obsc\u00e9nn\u00ed, pornografick\u00e9, ur\u00e1\u017eliv\u00e9, diskrimina\u010dn\u00ed, protiz\u00e1konn\u00e9, kter\u00e9 by mohly b\u00fdt pova\u017eov\u00e1ny za trestn\u00fd \u010din nebo podn\u011bcov\u00e1n\u00ed k\u00a0trestn\u00e9mu \u010dinu, kter\u00e9 poru\u0161uj\u00ed pr\u00e1va strany nebo jin\u00fdm zp\u016fsobem d\u00e1vaj\u00ed podn\u011bt pro \u017ealobu na ur\u010den\u00ed ob\u010danskopr\u00e1vn\u00ed odpov\u011bdnosti, nebo poru\u0161uj\u00ed jak\u00e9koli z\u00e1kony. Kop\u00edrov\u00e1n\u00ed, distribuce, ukl\u00e1d\u00e1n\u00ed, rozes\u00edl\u00e1n\u00ed a reprodukce, resp. poskytov\u00e1n\u00ed obsah\u016f je bez na\u0161eho p\u00edsemn\u00e9ho souhlasu v\u00fdslovn\u011b zak\u00e1z\u00e1no. Dal\u0161\u00ed informace najdete na v\u00fd\u0161e uveden\u00e9 adrese.<\/p>\n\n\n\n<p>Odkazy na extern\u00ed internetov\u00e9 str\u00e1nky nejsou v\u00a0na\u0161\u00ed odpov\u011bdnosti, nep\u0159eb\u00edr\u00e1me odpov\u011bdnost za obsah ani aktivity na t\u011bchto internetov\u00fdch str\u00e1nk\u00e1ch. V\u00fdslovn\u011b prohla\u0161ujeme, \u017ee nem\u00e1me \u017e\u00e1dn\u00fd vliv na podobu a obsahy odkazovan\u00fdch internetov\u00fdch str\u00e1nek. Proto se v\u00fdslovn\u011b distancujeme ode v\u0161ech obsah\u016f v\u0161ech str\u00e1nek odkazovan\u00fdch na na\u0161ich kompletn\u00edch internetov\u00fdch str\u00e1nk\u00e1ch, v\u010detn\u011b v\u0161ech podstr\u00e1nek a jejich d\u00edl\u010d\u00edch odkaz\u016f nebo jin\u00fdch mechanizm\u016f p\u0159epos\u00edl\u00e1n\u00ed. Toto prohl\u00e1\u0161en\u00ed plat\u00ed pro v\u0161echny odkazy um\u00edst\u011bn\u00e9 na t\u011bchto domovsk\u00fdch str\u00e1nk\u00e1ch a pro ve\u0161ker\u00e9 obsahy str\u00e1nek, ke kter\u00fdm odkazy, bannery nebo jin\u00e1 propojen\u00ed vedou. Va\u0161e n\u00e1v\u0161t\u011bva\/p\u0159\u00edstup na tyto internetov\u00e9 str\u00e1nky je proto v\u00fdhradn\u011b na va\u0161e vlastn\u00ed nebezpe\u010d\u00ed.<\/p>\n","protected":false},"excerpt":{"rendered":"Saller Dienstleistungs GmbHIn der Buttergrube 999428 Weimar\u2013Legefeld Jednatel spole\u010dnosti opr\u00e1vn\u011bn\u00fd k jedn\u00e1n\u00ed: Josef Saller Tel.:\u00a0 +49 (0) 36 43 \/ 86 74 900E-mail:\u00a0info@www.saller-bau.com Rejst\u0159\u00edkov\u00fd soud: Jena\u010c\u00edslo registrace: HRB 516291DI\u010c: DE 327 394 002 Pr\u00e1vn\u00ed informace Pou\u017e\u00edv\u00e1n\u00edm t\u011bchto internetov\u00fdch str\u00e1nek vyjad\u0159ujete sv\u016fj souhlas s\u00a0na\u0161imi Podm\u00ednkami u\u017e\u00edv\u00e1n\u00ed a dal\u0161\u00edmi platn\u00fdmi \u00fapravami WWW. Pe\u010dliv\u011b si pros\u00edm na\u0161e Podm\u00ednky [&#8230;]<p><a class=\"btn btn-secondary understrap-read-more-link\" href=\"https:\/\/saller-leasing.com\/cs\/otisk\/\">\u010c\u00edst d\u00e1le&#8230;<span class=\"screen-reader-text\"> from Otisk<\/span><\/a><\/p>","protected":false},"author":1,"featured_media":0,"parent":0,"menu_order":0,"comment_status":"closed","ping_status":"closed","template":"","meta":{"_acf_changed":false,"inline_featured_image":false,"postBodyCss":"","postBodyMargin":[],"postBodyPadding":[],"postBodyBackground":{"backgroundType":"classic","gradient":""},"footnotes":""},"class_list":["post-392","page","type-page","status-publish","hentry"],"featured_image_src":null,"acf":[],"yoast_head":"<!-- This site is optimized with the Yoast SEO plugin v27.3 - https:\/\/yoast.com\/product\/yoast-seo-wordpress\/ -->\n<title>Otisk - Saller Leasing<\/title>\n<meta name=\"robots\" content=\"noindex, nofollow\" \/>\n<script type=\"application\/ld+json\" class=\"yoast-schema-graph\">{\"@context\":\"https:\\\/\\\/schema.org\",\"@graph\":[{\"@type\":\"WebPage\",\"@id\":\"https:\\\/\\\/saller-leasing.com\\\/cs\\\/otisk\\\/\",\"url\":\"https:\\\/\\\/saller-leasing.com\\\/cs\\\/otisk\\\/\",\"name\":\"Otisk - Saller Leasing\",\"isPartOf\":{\"@id\":\"https:\\\/\\\/saller-leasing.com\\\/cs\\\/#website\"},\"datePublished\":\"2023-11-30T14:29:39+00:00\",\"dateModified\":\"2026-03-06T10:04:41+00:00\",\"breadcrumb\":{\"@id\":\"https:\\\/\\\/saller-leasing.com\\\/cs\\\/otisk\\\/#breadcrumb\"},\"inLanguage\":\"cs\",\"potentialAction\":[{\"@type\":\"ReadAction\",\"target\":[\"https:\\\/\\\/saller-leasing.com\\\/cs\\\/otisk\\\/\"]}]},{\"@type\":\"BreadcrumbList\",\"@id\":\"https:\\\/\\\/saller-leasing.com\\\/cs\\\/otisk\\\/#breadcrumb\",\"itemListElement\":[{\"@type\":\"ListItem\",\"position\":1,\"name\":\"Startseite\",\"item\":\"https:\\\/\\\/saller-leasing.com\\\/cs\\\/\"},{\"@type\":\"ListItem\",\"position\":2,\"name\":\"Otisk\"}]},{\"@type\":\"WebSite\",\"@id\":\"https:\\\/\\\/saller-leasing.com\\\/cs\\\/#website\",\"url\":\"https:\\\/\\\/saller-leasing.com\\\/cs\\\/\",\"name\":\"Saller\",\"description\":\"\",\"publisher\":{\"@id\":\"https:\\\/\\\/saller-leasing.com\\\/cs\\\/#organization\"},\"potentialAction\":[{\"@type\":\"SearchAction\",\"target\":{\"@type\":\"EntryPoint\",\"urlTemplate\":\"https:\\\/\\\/saller-leasing.com\\\/cs\\\/?s={search_term_string}\"},\"query-input\":{\"@type\":\"PropertyValueSpecification\",\"valueRequired\":true,\"valueName\":\"search_term_string\"}}],\"inLanguage\":\"cs\"},{\"@type\":\"Organization\",\"@id\":\"https:\\\/\\\/saller-leasing.com\\\/cs\\\/#organization\",\"name\":\"Saller Unternehmensgruppe\",\"url\":\"https:\\\/\\\/saller-leasing.com\\\/cs\\\/\",\"logo\":{\"@type\":\"ImageObject\",\"inLanguage\":\"cs\",\"@id\":\"https:\\\/\\\/saller-leasing.com\\\/cs\\\/#\\\/schema\\\/logo\\\/image\\\/\",\"url\":\"https:\\\/\\\/saller-leasing.com\\\/wp-content\\\/uploads\\\/2025\\\/03\\\/Saller-ohne-Group_Immob-aus-Leidenschaft_Spruch-gross-01.png\",\"contentUrl\":\"https:\\\/\\\/saller-leasing.com\\\/wp-content\\\/uploads\\\/2025\\\/03\\\/Saller-ohne-Group_Immob-aus-Leidenschaft_Spruch-gross-01.png\",\"width\":1308,\"height\":270,\"caption\":\"Saller Unternehmensgruppe\"},\"image\":{\"@id\":\"https:\\\/\\\/saller-leasing.com\\\/cs\\\/#\\\/schema\\\/logo\\\/image\\\/\"},\"sameAs\":[\"https:\\\/\\\/www.linkedin.com\\\/in\\\/sallergroup\\\/\"]}]}<\/script>\n<!-- \/ Yoast SEO plugin. -->","yoast_head_json":{"title":"Otisk - Saller Leasing","robots":{"index":"noindex","follow":"nofollow"},"schema":{"@context":"https:\/\/schema.org","@graph":[{"@type":"WebPage","@id":"https:\/\/saller-leasing.com\/cs\/otisk\/","url":"https:\/\/saller-leasing.com\/cs\/otisk\/","name":"Otisk - Saller Leasing","isPartOf":{"@id":"https:\/\/saller-leasing.com\/cs\/#website"},"datePublished":"2023-11-30T14:29:39+00:00","dateModified":"2026-03-06T10:04:41+00:00","breadcrumb":{"@id":"https:\/\/saller-leasing.com\/cs\/otisk\/#breadcrumb"},"inLanguage":"cs","potentialAction":[{"@type":"ReadAction","target":["https:\/\/saller-leasing.com\/cs\/otisk\/"]}]},{"@type":"BreadcrumbList","@id":"https:\/\/saller-leasing.com\/cs\/otisk\/#breadcrumb","itemListElement":[{"@type":"ListItem","position":1,"name":"Startseite","item":"https:\/\/saller-leasing.com\/cs\/"},{"@type":"ListItem","position":2,"name":"Otisk"}]},{"@type":"WebSite","@id":"https:\/\/saller-leasing.com\/cs\/#website","url":"https:\/\/saller-leasing.com\/cs\/","name":"Saller","description":"","publisher":{"@id":"https:\/\/saller-leasing.com\/cs\/#organization"},"potentialAction":[{"@type":"SearchAction","target":{"@type":"EntryPoint","urlTemplate":"https:\/\/saller-leasing.com\/cs\/?s={search_term_string}"},"query-input":{"@type":"PropertyValueSpecification","valueRequired":true,"valueName":"search_term_string"}}],"inLanguage":"cs"},{"@type":"Organization","@id":"https:\/\/saller-leasing.com\/cs\/#organization","name":"Saller Unternehmensgruppe","url":"https:\/\/saller-leasing.com\/cs\/","logo":{"@type":"ImageObject","inLanguage":"cs","@id":"https:\/\/saller-leasing.com\/cs\/#\/schema\/logo\/image\/","url":"https:\/\/saller-leasing.com\/wp-content\/uploads\/2025\/03\/Saller-ohne-Group_Immob-aus-Leidenschaft_Spruch-gross-01.png","contentUrl":"https:\/\/saller-leasing.com\/wp-content\/uploads\/2025\/03\/Saller-ohne-Group_Immob-aus-Leidenschaft_Spruch-gross-01.png","width":1308,"height":270,"caption":"Saller Unternehmensgruppe"},"image":{"@id":"https:\/\/saller-leasing.com\/cs\/#\/schema\/logo\/image\/"},"sameAs":["https:\/\/www.linkedin.com\/in\/sallergroup\/"]}]}},"_links":{"self":[{"href":"https:\/\/saller-leasing.com\/cs\/wp-json\/wp\/v2\/pages\/392","targetHints":{"allow":["GET"]}}],"collection":[{"href":"https:\/\/saller-leasing.com\/cs\/wp-json\/wp\/v2\/pages"}],"about":[{"href":"https:\/\/saller-leasing.com\/cs\/wp-json\/wp\/v2\/types\/page"}],"author":[{"embeddable":true,"href":"https:\/\/saller-leasing.com\/cs\/wp-json\/wp\/v2\/users\/1"}],"replies":[{"embeddable":true,"href":"https:\/\/saller-leasing.com\/cs\/wp-json\/wp\/v2\/comments?post=392"}],"version-history":[{"count":5,"href":"https:\/\/saller-leasing.com\/cs\/wp-json\/wp\/v2\/pages\/392\/revisions"}],"predecessor-version":[{"id":3036,"href":"https:\/\/saller-leasing.com\/cs\/wp-json\/wp\/v2\/pages\/392\/revisions\/3036"}],"wp:attachment":[{"href":"https:\/\/saller-leasing.com\/cs\/wp-json\/wp\/v2\/media?parent=392"}],"curies":[{"name":"wp","href":"https:\/\/api.w.org\/{rel}","templated":true}]}}