{"id":296,"date":"2023-11-28T19:48:05","date_gmt":"2023-11-28T18:48:05","guid":{"rendered":"https:\/\/dev.saller-bau.com\/?page_id=296"},"modified":"2026-03-06T11:01:35","modified_gmt":"2026-03-06T10:01:35","slug":"kontakt","status":"publish","type":"page","link":"https:\/\/saller-leasing.com\/pl\/kontakt\/","title":{"rendered":"KONTAKT"},"content":{"rendered":"\n<div style=\"height:50px\" aria-hidden=\"true\" class=\"wp-block-spacer\"><\/div>\n\n\n\n<div class=\"wp-block-columns is-layout-flex wp-container-core-columns-is-layout-9d6595d7 wp-block-columns-is-layout-flex\">\n<div class=\"wp-block-column is-layout-flow wp-block-column-is-layout-flow\">\n<div class=\"wpcf7 no-js\" id=\"wpcf7-f597-o1\" lang=\"pl-PL\" dir=\"ltr\" data-wpcf7-id=\"597\">\n<div class=\"screen-reader-response\"><p role=\"status\" aria-live=\"polite\" aria-atomic=\"true\"><\/p> <ul><\/ul><\/div>\n<form action=\"\/pl\/wp-json\/wp\/v2\/pages\/296#wpcf7-f597-o1\" method=\"post\" class=\"wpcf7-form init wpcf7-acceptance-as-validation\" aria-label=\"Formularz kontaktowy\" novalidate=\"novalidate\" data-status=\"init\">\n<fieldset class=\"hidden-fields-container\"><input type=\"hidden\" name=\"_wpcf7\" value=\"597\" \/><input type=\"hidden\" name=\"_wpcf7_version\" value=\"6.1.5\" \/><input type=\"hidden\" name=\"_wpcf7_locale\" value=\"pl_PL\" \/><input type=\"hidden\" name=\"_wpcf7_unit_tag\" value=\"wpcf7-f597-o1\" \/><input type=\"hidden\" name=\"_wpcf7_container_post\" value=\"0\" \/><input type=\"hidden\" name=\"_wpcf7_posted_data_hash\" value=\"\" \/>\n<\/fieldset>\n<p><label> Imi\u0119 i nazwisko (pole obowi\u0105zkowe)<br \/>\n<span class=\"wpcf7-form-control-wrap\" data-name=\"your-name\"><input size=\"40\" maxlength=\"400\" class=\"wpcf7-form-control wpcf7-text wpcf7-validates-as-required\" autocomplete=\"name\" aria-required=\"true\" aria-invalid=\"false\" value=\"\" type=\"text\" name=\"your-name\" \/><\/span> <\/label>\n<\/p>\n<p><label> Tw\u00f3j adres e-mail (pole obowi\u0105zkowe)<br \/>\n<span class=\"wpcf7-form-control-wrap\" data-name=\"your-email\"><input size=\"40\" maxlength=\"400\" class=\"wpcf7-form-control wpcf7-email wpcf7-validates-as-required wpcf7-text wpcf7-validates-as-email\" autocomplete=\"email\" aria-required=\"true\" aria-invalid=\"false\" value=\"\" type=\"email\" name=\"your-email\" \/><\/span> <\/label>\n<\/p>\n<p><label> Przedmiot<br \/>\n<span class=\"wpcf7-form-control-wrap\" data-name=\"your-subject\"><select class=\"wpcf7-form-control wpcf7-select\" aria-invalid=\"false\" name=\"your-subject\"><option value=\"\u017b\u0105danie wynajmu\">\u017b\u0105danie wynajmu<\/option><option value=\"Poszukiwanie pracy\">Poszukiwanie pracy<\/option><option value=\"Oferty nieruchomo\u015bci\">Oferty nieruchomo\u015bci<\/option><\/select><\/span> <\/label>\n<\/p>\n<p><label> Twoja wiadomo\u015b\u0107 (opcjonalnie)<br \/>\n<span class=\"wpcf7-form-control-wrap\" data-name=\"your-message\"><textarea cols=\"40\" rows=\"10\" maxlength=\"2000\" class=\"wpcf7-form-control wpcf7-textarea\" aria-invalid=\"false\" name=\"your-message\"><\/textarea><\/span> <\/label>\n<\/p>\n<p class=\"datenschutz\"><br \/>\n<strong>Polityka prywatno\u015bci<\/strong><br \/>\n<span class=\"wpcf7-form-control-wrap\" data-name=\"zustimmung-datenschutz\"><span class=\"wpcf7-form-control wpcf7-acceptance\"><span class=\"wpcf7-list-item\"><label><input type=\"checkbox\" name=\"zustimmung-datenschutz\" value=\"1\" aria-invalid=\"false\" \/><span class=\"wpcf7-list-item-label\">Wyra\u017cam zgod\u0119 na gromadzenie i przetwarzanie moich danych w niniejszym formularzu kontaktowym w celu udzielenia odpowiedzi na moje zapytanie. Rozumiem, \u017ce mog\u0119 wycofa\u0107 t\u0119 zgod\u0119 w dowolnym momencie, wysy\u0142aj\u0105c wiadomo\u015b\u0107 e-mail na adres info@saller-bau.com.Wi\u0119cej informacji na temat przetwarzania danych u\u017cytkownik\u00f3w mo\u017cna znale\u017a\u0107 w <a href=\"https:\/\/saller-leasing.com\/pl\/polityka-prywatnosci\/\">polityce prywatno\u015bci<\/a>.<\/span><\/label><\/span><\/span><\/span>\n<\/p>\n<p><input class=\"wpcf7-form-control wpcf7-submit has-spinner\" type=\"submit\" value=\"Wy\u015blij\" \/>\n<\/p><div class=\"wpcf7-response-output\" aria-hidden=\"true\"><\/div>\n<\/form>\n<\/div>\n\n<\/div>\n\n\n\n<div class=\"wp-block-column is-layout-flow wp-block-column-is-layout-flow\" style=\"flex-basis:33.33%\">\n<figure class=\"wp-block-image size-large is-resized\"><img decoding=\"async\" width=\"1024\" height=\"837\" src=\"https:\/\/saller-leasing.com\/wp-content\/uploads\/2024\/08\/Saller-1-1024x837.png\" alt=\"\" class=\"wp-image-1236\" style=\"width:143px;height:auto\" srcset=\"https:\/\/saller-leasing.com\/wp-content\/uploads\/2024\/08\/Saller-1-1024x837.png 1024w, https:\/\/saller-leasing.com\/wp-content\/uploads\/2024\/08\/Saller-1-300x245.png 300w, https:\/\/saller-leasing.com\/wp-content\/uploads\/2024\/08\/Saller-1-768x627.png 768w, https:\/\/saller-leasing.com\/wp-content\/uploads\/2024\/08\/Saller-1-122x100.png 122w, https:\/\/saller-leasing.com\/wp-content\/uploads\/2024\/08\/Saller-1.png 1191w\" sizes=\"(max-width: 1024px) 100vw, 1024px\" \/><\/figure>\n\n\n\n<p class=\"has-text-align-left\">ul. Wy\u015bcigowa 56 c<br>53-012 Wroc\u0142aw<br>Tel: <a href=\"tel:+480713330880\">+48 (0) 71 \/ 333 0880<\/a><br>E-Mail: info@saller-bau.com<\/p>\n\n\n\n<h4 class=\"wp-block-heading has-text-color has-link-color wp-elements-e2b60fa625b9c74759e945826b0dc038\" style=\"color:#00305b\"><strong>Dojazd samochodem&nbsp;z Autostrady A4<\/strong><\/h4>\n\n\n\n<ul class=\"wp-block-list\">\n<li>Zjazd na w\u0119\u017ale \u201eBielany Wroc\u0142awskie\u201d na drog\u0119 nr 5 w kierunku \u201eWroc\u0142aw\u201d<\/li>\n\n\n\n<li>Kontynuuj jazd\u0119 do pierwszych \u015bwiate\u0142 \u2013 nast\u0119pnie nadal prosto<\/li>\n\n\n\n<li>Na rozwidleniu trzymaj si\u0119 prawego pasa i kontynuuj jazd\u0119 ulic\u0105 Wy\u015bcigow\u0105 (droga nr 98)<\/li>\n\n\n\n<li>Po przejechaniu 400 m, przed \u015bwiat\u0142ami skr\u0119\u0107 w prawo za budynkiem\u00a0<em>Selena<\/em><\/li>\n\n\n\n<li>Na ko\u0144cu drogi skr\u0119\u0107 w lewo i jed\u017a ok. 150 m \u2013 budynek Grupy Saller znajduje si\u0119 po lewej strony<\/li>\n\n\n\n<li>Wjazd na parking mo\u017cliwy jest przez 3 szlabany. Podjed\u017a pod pierwszy i zadzwo\u0144, otworzymy.<\/li>\n\n\n\n<li>Wejd\u017a do klatki. Na domofonie wybierz nr 5 \u2013 Znajdujemy si\u0119 na pi\u0119trze I.\u00a0<\/li>\n<\/ul>\n\n\n\n<h4 class=\"wp-block-heading has-text-color has-link-color wp-elements-df21e6c346aa4bd624bd862d3c993190\" style=\"color:#00305b\"><strong>Dojazd tramwajem z dworca g\u0142\u00f3wnego we Wroc\u0142awiu<\/strong><\/h4>\n\n\n\n<ul class=\"wp-block-list\">\n<li>Tramwaj Linii 8 z dworca g\u0142\u00f3wnego we Wroc\u0142awiu. Nale\u017cy wysi\u0105\u015b\u0107 na przystanku Park Po\u0142udniowy. Od przystanka pozosta\u0142 1 km do naszej siedziby.<\/li>\n\n\n\n<li>Tramwaj Linii 17 z dworca g\u0142\u00f3wnego we Wroc\u0142awiu. Nale\u017cy wysi\u0105\u015b\u0107 na przystanku Radio i Telewizja. Od przystanka pozosta\u0142o 900 m do naszej siedziby.<\/li>\n<\/ul>\n<\/div>\n<\/div>\n\n\n\n<div class=\"wp-block-columns is-layout-flex wp-container-core-columns-is-layout-9d6595d7 wp-block-columns-is-layout-flex\">\n<div class=\"wp-block-column is-layout-flow wp-block-column-is-layout-flow\" style=\"flex-basis:66.66%\">\n<h4 class=\"wp-block-heading has-text-color has-link-color wp-elements-f735c71652c4c1053cc0516bfb959f20\" style=\"color:#00305b\"><strong>Dojazd poci\u0105giem z Dworca G\u0142\u00f3wnego we Wroc\u0142awiu<\/strong><\/h4>\n\n\n\n<ul class=\"wp-block-list\">\n<li>Jed\u017a autobusem linii 8 lub 9 w kierunku \u201ePark po\u0142udniowy\u201d<\/li>\n\n\n\n<li>Wysi\u0105d\u017a na p\u0119tli \u2013 przystanek \u201ePark po\u0142udniowy\u201d<\/li>\n\n\n\n<li>Id\u017a w kierunku wiaduktu i kieruj si\u0119 1 km ulic\u0105 Wy\u015bcigow\u0105<\/li>\n\n\n\n<li>Gdy zobaczysz budynek Votum SA, skr\u0119\u0107 za nim w lewo<\/li>\n\n\n\n<li>Id\u017a prosto do ko\u0144ca ulicy i skr\u0119\u0107 ponownie w lewo 150 m<\/li>\n\n\n\n<li>Budynek Grupy Saller jest po lewej stronie (du\u017cy bia\u0142y budynek z trzema wjazdami)<\/li>\n\n\n\n<li>Wejd\u017a do klatki. Na domofonie wybierz nr 5 \u2013 Znajdujemy si\u0119 na pi\u0119trze I.<\/li>\n<\/ul>\n<\/div>\n\n\n\n<div class=\"wp-block-column is-layout-flow wp-block-column-is-layout-flow\" style=\"flex-basis:33.33%\">\n<h4 class=\"wp-block-heading has-text-color has-link-color wp-elements-678391ebac7f42e73de952793613006e\" style=\"color:#00305b\"><strong>Autobusy w pobli\u017cu (Przystanek Wy\u015bcigowa)<\/strong><\/h4>\n\n\n\n<ul class=\"wp-block-list\">\n<li>Linia 112<\/li>\n\n\n\n<li>Linia 127<\/li>\n\n\n\n<li>Linia 144<\/li>\n\n\n\n<li>Linia 259<\/li>\n<\/ul>\n<\/div>\n<\/div>\n\n\n \n<div data-block=\"gutenkit\/container\" data-post-id=\"296\" id=\"block-cc205ce8-16af-48f8-8f30-c19fd4971e3b\" class=\"wp-block-gutenkit-container alignfull gkit971e3b gutenkit-block\"><div class=\"gkit-block__inner\">\n<div class=\"wp-block-columns are-vertically-aligned-center has-background is-layout-flex wp-container-core-columns-is-layout-9d6595d7 wp-block-columns-is-layout-flex\" style=\"background-color:#e3e3e3\">\n<div class=\"wp-block-column is-vertically-aligned-center is-layout-flow wp-block-column-is-layout-flow\">\n<h4 class=\"wp-block-heading has-text-color has-link-color wp-elements-50e1dbb916faecb413ea1727b045cdd2\" id=\"0-compliance-syst%C3%A9m-nahla%C5%A1ov%C3%A1n%C3%AD-\" style=\"color:#00305b\"><strong>System raportowania Compliance<\/strong><\/h4>\n\n\n\n<p style=\"font-size:16px\">Firma Saller stworzy\u0142a system raportowania niezgodno\u015bci z wytycznymi w <br>celu zg\u0142aszania narusze\u0144 zgodno\u015bci.<br>Wszystkie zg\u0142oszenia b\u0119d\u0105 rozpatrywane przez przedstawiciela ds. zgodno\u015bci.<\/p>\n\n\n\n<p style=\"font-size:16px\">Klikaj\u0105c w link przechodzicie do systemu raportowania niezgodno\u015bci:<\/p>\n\n\n\n<p style=\"font-size:16px\"><a href=\"https:\/\/sallerbahttps:\/\/sallerbau.integrityline.app\/?lang=pl\" target=\"_blank\" rel=\"noreferrer noopener\"><strong><strong><a href=\"https:\/\/sallerbau.integrityline.app\/?lang=pl\" target=\"_blank\" rel=\"noreferrer noopener\">System raportowania Compliance<\/a><\/strong><\/strong><\/a><\/p>\n<\/div>\n<\/div>\n<\/div><\/div>\n ","protected":false},"excerpt":{"rendered":"ul. Wy\u015bcigowa 56 c53-012 Wroc\u0142awTel: +48 (0) 71 \/ 333 0880E-Mail: info@saller-bau.com Dojazd samochodem&nbsp;z Autostrady A4 Dojazd tramwajem z dworca g\u0142\u00f3wnego we Wroc\u0142awiu Dojazd poci\u0105giem z Dworca G\u0142\u00f3wnego we Wroc\u0142awiu Autobusy w pobli\u017cu (Przystanek Wy\u015bcigowa) [&#8230;]<p><a class=\"btn btn-secondary understrap-read-more-link\" href=\"https:\/\/saller-leasing.com\/pl\/kontakt\/\">Czytaj dalej\u2026<span class=\"screen-reader-text\"> from KONTAKT<\/span><\/a><\/p>","protected":false},"author":5,"featured_media":0,"parent":0,"menu_order":0,"comment_status":"closed","ping_status":"closed","template":"","meta":{"_acf_changed":false,"inline_featured_image":false,"postBodyCss":"","postBodyMargin":[],"postBodyPadding":[],"postBodyBackground":{"backgroundType":"classic","gradient":""},"footnotes":""},"class_list":["post-296","page","type-page","status-publish","hentry"],"featured_image_src":null,"acf":[],"yoast_head":"<!-- This site is optimized with the Yoast SEO plugin v27.3 - https:\/\/yoast.com\/product\/yoast-seo-wordpress\/ -->\n<title>KONTAKT - Saller Leasing<\/title>\n<meta name=\"robots\" content=\"noindex, nofollow\" \/>\n<script type=\"application\/ld+json\" class=\"yoast-schema-graph\">{\"@context\":\"https:\\\/\\\/schema.org\",\"@graph\":[{\"@type\":\"WebPage\",\"@id\":\"https:\\\/\\\/saller-leasing.com\\\/pl\\\/kontakt\\\/\",\"url\":\"https:\\\/\\\/saller-leasing.com\\\/pl\\\/kontakt\\\/\",\"name\":\"KONTAKT - Saller Leasing\",\"isPartOf\":{\"@id\":\"https:\\\/\\\/saller-leasing.com\\\/pl\\\/#website\"},\"primaryImageOfPage\":{\"@id\":\"https:\\\/\\\/saller-leasing.com\\\/pl\\\/kontakt\\\/#primaryimage\"},\"image\":{\"@id\":\"https:\\\/\\\/saller-leasing.com\\\/pl\\\/kontakt\\\/#primaryimage\"},\"thumbnailUrl\":\"https:\\\/\\\/saller-leasing.com\\\/wp-content\\\/uploads\\\/2024\\\/08\\\/Saller-1-1024x837.png\",\"datePublished\":\"2023-11-28T18:48:05+00:00\",\"dateModified\":\"2026-03-06T10:01:35+00:00\",\"breadcrumb\":{\"@id\":\"https:\\\/\\\/saller-leasing.com\\\/pl\\\/kontakt\\\/#breadcrumb\"},\"inLanguage\":\"pl-PL\",\"potentialAction\":[{\"@type\":\"ReadAction\",\"target\":[\"https:\\\/\\\/saller-leasing.com\\\/pl\\\/kontakt\\\/\"]}]},{\"@type\":\"ImageObject\",\"inLanguage\":\"pl-PL\",\"@id\":\"https:\\\/\\\/saller-leasing.com\\\/pl\\\/kontakt\\\/#primaryimage\",\"url\":\"https:\\\/\\\/saller-leasing.com\\\/wp-content\\\/uploads\\\/2024\\\/08\\\/Saller-1-1024x837.png\",\"contentUrl\":\"https:\\\/\\\/saller-leasing.com\\\/wp-content\\\/uploads\\\/2024\\\/08\\\/Saller-1-1024x837.png\"},{\"@type\":\"BreadcrumbList\",\"@id\":\"https:\\\/\\\/saller-leasing.com\\\/pl\\\/kontakt\\\/#breadcrumb\",\"itemListElement\":[{\"@type\":\"ListItem\",\"position\":1,\"name\":\"Startseite\",\"item\":\"https:\\\/\\\/saller-leasing.com\\\/pl\\\/strona-glowna\\\/\"},{\"@type\":\"ListItem\",\"position\":2,\"name\":\"KONTAKT\"}]},{\"@type\":\"WebSite\",\"@id\":\"https:\\\/\\\/saller-leasing.com\\\/pl\\\/#website\",\"url\":\"https:\\\/\\\/saller-leasing.com\\\/pl\\\/\",\"name\":\"Saller\",\"description\":\"\",\"publisher\":{\"@id\":\"https:\\\/\\\/saller-leasing.com\\\/pl\\\/#organization\"},\"potentialAction\":[{\"@type\":\"SearchAction\",\"target\":{\"@type\":\"EntryPoint\",\"urlTemplate\":\"https:\\\/\\\/saller-leasing.com\\\/pl\\\/?s={search_term_string}\"},\"query-input\":{\"@type\":\"PropertyValueSpecification\",\"valueRequired\":true,\"valueName\":\"search_term_string\"}}],\"inLanguage\":\"pl-PL\"},{\"@type\":\"Organization\",\"@id\":\"https:\\\/\\\/saller-leasing.com\\\/pl\\\/#organization\",\"name\":\"Saller Unternehmensgruppe\",\"url\":\"https:\\\/\\\/saller-leasing.com\\\/pl\\\/\",\"logo\":{\"@type\":\"ImageObject\",\"inLanguage\":\"pl-PL\",\"@id\":\"https:\\\/\\\/saller-leasing.com\\\/pl\\\/#\\\/schema\\\/logo\\\/image\\\/\",\"url\":\"https:\\\/\\\/saller-leasing.com\\\/wp-content\\\/uploads\\\/2025\\\/03\\\/Saller-ohne-Group_Immob-aus-Leidenschaft_Spruch-gross-01.png\",\"contentUrl\":\"https:\\\/\\\/saller-leasing.com\\\/wp-content\\\/uploads\\\/2025\\\/03\\\/Saller-ohne-Group_Immob-aus-Leidenschaft_Spruch-gross-01.png\",\"width\":1308,\"height\":270,\"caption\":\"Saller Unternehmensgruppe\"},\"image\":{\"@id\":\"https:\\\/\\\/saller-leasing.com\\\/pl\\\/#\\\/schema\\\/logo\\\/image\\\/\"},\"sameAs\":[\"https:\\\/\\\/www.linkedin.com\\\/in\\\/sallergroup\\\/\"]}]}<\/script>\n<!-- \/ Yoast SEO plugin. -->","yoast_head_json":{"title":"KONTAKT - Saller Leasing","robots":{"index":"noindex","follow":"nofollow"},"schema":{"@context":"https:\/\/schema.org","@graph":[{"@type":"WebPage","@id":"https:\/\/saller-leasing.com\/pl\/kontakt\/","url":"https:\/\/saller-leasing.com\/pl\/kontakt\/","name":"KONTAKT - Saller Leasing","isPartOf":{"@id":"https:\/\/saller-leasing.com\/pl\/#website"},"primaryImageOfPage":{"@id":"https:\/\/saller-leasing.com\/pl\/kontakt\/#primaryimage"},"image":{"@id":"https:\/\/saller-leasing.com\/pl\/kontakt\/#primaryimage"},"thumbnailUrl":"https:\/\/saller-leasing.com\/wp-content\/uploads\/2024\/08\/Saller-1-1024x837.png","datePublished":"2023-11-28T18:48:05+00:00","dateModified":"2026-03-06T10:01:35+00:00","breadcrumb":{"@id":"https:\/\/saller-leasing.com\/pl\/kontakt\/#breadcrumb"},"inLanguage":"pl-PL","potentialAction":[{"@type":"ReadAction","target":["https:\/\/saller-leasing.com\/pl\/kontakt\/"]}]},{"@type":"ImageObject","inLanguage":"pl-PL","@id":"https:\/\/saller-leasing.com\/pl\/kontakt\/#primaryimage","url":"https:\/\/saller-leasing.com\/wp-content\/uploads\/2024\/08\/Saller-1-1024x837.png","contentUrl":"https:\/\/saller-leasing.com\/wp-content\/uploads\/2024\/08\/Saller-1-1024x837.png"},{"@type":"BreadcrumbList","@id":"https:\/\/saller-leasing.com\/pl\/kontakt\/#breadcrumb","itemListElement":[{"@type":"ListItem","position":1,"name":"Startseite","item":"https:\/\/saller-leasing.com\/pl\/strona-glowna\/"},{"@type":"ListItem","position":2,"name":"KONTAKT"}]},{"@type":"WebSite","@id":"https:\/\/saller-leasing.com\/pl\/#website","url":"https:\/\/saller-leasing.com\/pl\/","name":"Saller","description":"","publisher":{"@id":"https:\/\/saller-leasing.com\/pl\/#organization"},"potentialAction":[{"@type":"SearchAction","target":{"@type":"EntryPoint","urlTemplate":"https:\/\/saller-leasing.com\/pl\/?s={search_term_string}"},"query-input":{"@type":"PropertyValueSpecification","valueRequired":true,"valueName":"search_term_string"}}],"inLanguage":"pl-PL"},{"@type":"Organization","@id":"https:\/\/saller-leasing.com\/pl\/#organization","name":"Saller Unternehmensgruppe","url":"https:\/\/saller-leasing.com\/pl\/","logo":{"@type":"ImageObject","inLanguage":"pl-PL","@id":"https:\/\/saller-leasing.com\/pl\/#\/schema\/logo\/image\/","url":"https:\/\/saller-leasing.com\/wp-content\/uploads\/2025\/03\/Saller-ohne-Group_Immob-aus-Leidenschaft_Spruch-gross-01.png","contentUrl":"https:\/\/saller-leasing.com\/wp-content\/uploads\/2025\/03\/Saller-ohne-Group_Immob-aus-Leidenschaft_Spruch-gross-01.png","width":1308,"height":270,"caption":"Saller Unternehmensgruppe"},"image":{"@id":"https:\/\/saller-leasing.com\/pl\/#\/schema\/logo\/image\/"},"sameAs":["https:\/\/www.linkedin.com\/in\/sallergroup\/"]}]}},"_links":{"self":[{"href":"https:\/\/saller-leasing.com\/pl\/wp-json\/wp\/v2\/pages\/296","targetHints":{"allow":["GET"]}}],"collection":[{"href":"https:\/\/saller-leasing.com\/pl\/wp-json\/wp\/v2\/pages"}],"about":[{"href":"https:\/\/saller-leasing.com\/pl\/wp-json\/wp\/v2\/types\/page"}],"author":[{"embeddable":true,"href":"https:\/\/saller-leasing.com\/pl\/wp-json\/wp\/v2\/users\/5"}],"replies":[{"embeddable":true,"href":"https:\/\/saller-leasing.com\/pl\/wp-json\/wp\/v2\/comments?post=296"}],"version-history":[{"count":18,"href":"https:\/\/saller-leasing.com\/pl\/wp-json\/wp\/v2\/pages\/296\/revisions"}],"predecessor-version":[{"id":2722,"href":"https:\/\/saller-leasing.com\/pl\/wp-json\/wp\/v2\/pages\/296\/revisions\/2722"}],"wp:attachment":[{"href":"https:\/\/saller-leasing.com\/pl\/wp-json\/wp\/v2\/media?parent=296"}],"curies":[{"name":"wp","href":"https:\/\/api.w.org\/{rel}","templated":true}]}}