{"id":4902,"date":"2025-09-14T16:07:23","date_gmt":"2025-09-14T14:07:23","guid":{"rendered":"https:\/\/leasing.s1center.de\/projekty-i-portfolio\/"},"modified":"2026-03-06T10:19:20","modified_gmt":"2026-03-06T09:19:20","slug":"projekty-i-portfolio","status":"publish","type":"page","link":"https:\/\/saller-leasing.com\/pl\/projekty-i-portfolio\/","title":{"rendered":"Projekty i portfolio"},"content":{"rendered":"\n<div style=\"height:50px\" aria-hidden=\"true\" class=\"wp-block-spacer\"><\/div>\n\n\n \n<div data-block=\"gutenkit\/container\" data-post-id=\"4902\" id=\"block-57f305a6-d52d-4db2-8277-f7b8a7d345e4\" class=\"wp-block-gutenkit-container alignwide gkitd345e4 gutenkit-block\"><div class=\"gkit-block__inner\"> \n<div data-block=\"gutenkit\/container\" data-post-id=\"4902\" id=\"block-f1cec257-c750-4604-80d6-134776fe7044\" class=\"wp-block-gutenkit-container gkit-block-custom-wide gkitfe7044 gutenkit-block\"><div class=\"gkit-block__inner\"> \n<div data-block=\"gutenkit\/container\" data-post-id=\"4902\" id=\"block-13d21da7-d663-4257-abda-f6b296530137\" class=\"wp-block-gutenkit-container alignwide gkit530137 gutenkit-block\"><div class=\"gkit-block__inner\"> \n<div data-block=\"gutenkit\/fun-fact\" data-post-id=\"4902\" id=\"block-3f8183ec-532b-477d-acb5-ea64206c731e\" class=\"wp-block-gutenkit-fun-fact gkit-funfact gkit6c731e gutenkit-block\"><div id=\"gkit-funfact-3f8183ec-532b-477d-acb5-ea64206c731e\" class=\"gkit-funfact-inner\" data-animation=\"{&quot;endTime&quot;:2.5,&quot;duration&quot;:3500,&quot;style&quot;:&quot;sliding&quot;}\"><div class=\"funfact-icon\"><\/div><div class=\"funfact-content\"><div class=\"number-percentage-wraper\"><span class=\"number-percentage\">0<\/span><span identifier=\"suffix\" class=\"suffix\">Mio m\u00b2<\/span><\/div><h5 identifier=\"heading\" class=\"funfact-title\"><strong>Powierzchnia obiekt\u00f3w w zasobach <\/strong><br><strong>na 31 grudnia 2025 r.<\/strong><\/h5><\/div><\/div><\/div>\n <\/div><\/div>\n <\/div><\/div>\n \n\n \n<div data-block=\"gutenkit\/container\" data-post-id=\"4902\" id=\"block-24ed5da0-cc89-4508-88d1-43cfda73e8c5\" class=\"wp-block-gutenkit-container gkit-block-custom-wide gkit73e8c5 gutenkit-block\"><div class=\"gkit-block__inner\"> \n<div data-block=\"gutenkit\/donut-progress-bar\" data-post-id=\"4902\" id=\"block-e39aef00-7b49-47a5-a8ea-873f26ba5c5c\" class=\"wp-block-gutenkit-donut-progress-bar gkitba5c5c gutenkit-block\"><div class=\"gkit-piechart gkit-piechart-with-content gkit-piechart-content-style-default\"><div class=\"gkit-piechart-element\" data-percent=\"80\" data-settings=\"{&quot;lineWidth&quot;:20,&quot;barColor&quot;:{&quot;backgroundType&quot;:&quot;classic&quot;,&quot;gradient&quot;:null,&quot;backgroundColor&quot;:&quot;#00305b&quot;,&quot;backgroundImage&quot;:[],&quot;backgroundImageSize&quot;:[],&quot;backgroundVideo&quot;:&quot;&quot;,&quot;backgroundPosition&quot;:{&quot;Desktop&quot;:&quot;center center&quot;,&quot;Tablet&quot;:&quot;center center&quot;,&quot;Mobile&quot;:&quot;center center&quot;},&quot;backgroundAttachment&quot;:&quot;&quot;,&quot;backgroundRepeat&quot;:&quot;&quot;,&quot;backgroundSize&quot;:&quot;&quot;,&quot;customSize&quot;:{&quot;Desktop&quot;:{&quot;size&quot;:0,&quot;unit&quot;:&quot;%&quot;},&quot;Tablet&quot;:{&quot;size&quot;:0,&quot;unit&quot;:&quot;%&quot;},&quot;Mobile&quot;:{&quot;size&quot;:0,&quot;unit&quot;:&quot;%&quot;}},&quot;customPositionX&quot;:{&quot;Desktop&quot;:{&quot;size&quot;:0,&quot;unit&quot;:&quot;%&quot;},&quot;Tablet&quot;:{&quot;size&quot;:0,&quot;unit&quot;:&quot;%&quot;},&quot;Mobile&quot;:{&quot;size&quot;:0,&quot;unit&quot;:&quot;%&quot;}},&quot;customPositionY&quot;:{&quot;Desktop&quot;:{&quot;size&quot;:0,&quot;unit&quot;:&quot;%&quot;},&quot;Tablet&quot;:{&quot;size&quot;:0,&quot;unit&quot;:&quot;%&quot;},&quot;Mobile&quot;:{&quot;size&quot;:0,&quot;unit&quot;:&quot;%&quot;}}},&quot;trackColor&quot;:&quot;#f5f5f5&quot;,&quot;lineCap&quot;:&quot;round&quot;}\"><div class=\"gkit-piechart-content\"><svg version=\"1.1\" xmlns=\"http:\/\/www.w3.org\/2000\/svg\" width=\"32\" height=\"32\" viewBox=\"0 0 32 32\" class=\"gkit-icon\">\n<title>apartment<\/title>\n<path d=\"M31.493 30.923h-2.154c0-0.19 0.063-0.38 0.063-0.507 0-1.521-0.887-2.788-2.154-3.358v-17.996c0-0.317-0.19-0.507-0.507-0.507h-8.048v-8.048c0-0.317-0.19-0.507-0.507-0.507h-14.448c-0.317 0-0.507 0.19-0.507 0.507v30.416h-2.661c-0.317 0-0.507 0.19-0.507 0.507s0.19 0.507 0.507 0.507h30.986c0.317 0 0.507-0.19 0.507-0.507s-0.253-0.507-0.57-0.507zM26.107 26.677c-0.19 0-0.38-0.063-0.507-0.063-0.38 0-0.824 0.063-1.141 0.19-0.063-0.127-0.253-0.19-0.444-0.19-0.317 0-0.507 0.19-0.507 0.507v0.19c-0.19 0.127-0.38 0.317-0.57 0.507 0 0-0.063 0.063-0.063 0.063-0.444-0.57-1.014-0.951-1.648-1.141-0.063-0.063-0.19-0.127-0.38-0.127-0.063 0-0.127 0-0.19 0-0.127 0-0.253 0-0.38 0-0.317 0-0.697 0.063-1.014 0.19-0.063 0-0.063 0-0.127 0.063-0.38-0.317-0.824-0.507-1.267-0.634 0 0 0 0 0 0-0.063 0-0.063 0-0.127 0s-0.063 0-0.127 0c0 0 0 0-0.063 0s-0.063 0-0.127 0c0 0 0 0-0.063 0s-0.063 0-0.127 0c0 0-0.063 0-0.063 0s-0.063 0-0.063 0-0.127 0-0.127 0-0.063 0-0.127 0c0 0-0.063 0-0.063 0s0 0 0 0c-0.507 0.063-0.95 0.19-1.394 0.444v-17.109h10.646l0.063 17.109zM4.246 1.077h13.307v7.477h-2.661c-0.317 0-0.507 0.19-0.507 0.507v16.602c-0.253-0.253-0.57-0.507-0.95-0.697 0 0-0.063-0.063-0.063-0.063s0 0-0.063 0c-0.38-0.19-0.824-0.317-1.204-0.38 0 0 0 0 0 0-0.063 0-0.127 0-0.127 0s0 0-0.063 0-0.127 0-0.19 0c-0.824 0-1.521 0.253-2.154 0.697v-0.19c0-0.317-0.19-0.507-0.507-0.507s-0.507 0.19-0.507 0.507v1.077c0 0.063 0 0.127 0.063 0.19-0.253 0.444-0.444 0.887-0.507 1.457-0.634 0.063-1.204 0.317-1.648 0.634v-0.127c0-0.317-0.19-0.507-0.507-0.507s-0.507 0.19-0.507 0.507v1.077c0 0.063 0 0.127 0 0.19-0.38 0.38-0.507 0.887-0.634 1.394h-0.57v-29.846zM8.301 28.832c0 0 0 0 0 0 0.063 0 0.063 0 0.127 0s0.063 0 0.127 0c0.317 0 0.507-0.19 0.507-0.507 0-1.521 1.204-2.661 2.661-2.661 1.331 0 2.471 0.951 2.598 2.281 0.063 0.127 0.127 0.253 0.253 0.317 0 0 0 0 0 0s0 0 0 0 0.063 0 0.063 0c0 0 0 0 0 0s0.063 0 0.063 0c0 0 0 0 0 0 0.063 0 0.063 0 0.127 0 0.19 0 0.317-0.063 0.444-0.253 0 0 0 0 0 0v0l0.063-0.063c0.444-0.507 1.014-0.824 1.711-0.824 0.38 0 0.697 0.127 1.014 0.317-0.634 0.57-1.014 1.394-1.014 2.218 0 0.063 0 0.127 0 0.19 0 0.38 0.063 0.697 0.19 1.077h-11.343c0.253-1.141 1.204-2.028 2.408-2.091zM18.503 30.923c-0.19-0.317-0.317-0.76-0.317-1.141 0-0.57 0.253-1.141 0.634-1.521 0.063-0.063 0.127-0.127 0.253-0.19 0.063 0 0.19 0 0.253-0.063 1.204-0.634 2.535-0.063 2.978 1.141 0.063 0.19 0.19 0.317 0.507 0.317 0.063 0 0.127 0 0.19-0.063 0.127 0 0.253-0.127 0.317-0.253 0.19-0.444 0.507-0.76 0.887-1.014 0.063 0 0.127-0.063 0.19-0.127 0.38-0.19 0.76-0.253 1.204-0.253 1.521 0 2.661 1.204 2.661 2.661 0 0.19 0 0.38-0.063 0.507h-9.695z\"><\/path>\n<path d=\"M17.616 13.877c-0.317 0-0.507 0.19-0.507 0.507v1.077c0 0.317 0.19 0.507 0.507 0.507s0.507-0.19 0.507-0.507v-1.077c0-0.317-0.19-0.507-0.507-0.507z\"><\/path>\n<path d=\"M17.616 23.446c-0.317 0-0.507 0.19-0.507 0.507v1.077c0 0.317 0.19 0.507 0.507 0.507s0.507-0.19 0.507-0.507v-1.077c0-0.253-0.19-0.507-0.507-0.507z\"><\/path>\n<path d=\"M17.616 17.046c-0.317 0-0.507 0.19-0.507 0.507v1.077c0 0.317 0.19 0.507 0.507 0.507s0.507-0.19 0.507-0.507v-1.077c0-0.253-0.19-0.507-0.507-0.507z\"><\/path>\n<path d=\"M17.616 20.277c-0.317 0-0.507 0.19-0.507 0.507v1.077c0 0.317 0.19 0.507 0.507 0.507s0.507-0.19 0.507-0.507v-1.077c0-0.317-0.19-0.507-0.507-0.507z\"><\/path>\n<path d=\"M17.616 10.646c-0.317 0-0.507 0.19-0.507 0.507v1.077c0 0.317 0.19 0.507 0.507 0.507s0.507-0.19 0.507-0.507v-1.077c0-0.253-0.19-0.507-0.507-0.507z\"><\/path>\n<path d=\"M20.784 15.968c0.317 0 0.507-0.19 0.507-0.507v-1.077c0-0.317-0.19-0.507-0.507-0.507s-0.507 0.19-0.507 0.507v1.077c0 0.317 0.19 0.507 0.507 0.507z\"><\/path>\n<path d=\"M20.784 12.8c0.317 0 0.507-0.19 0.507-0.507v-1.077c0-0.317-0.19-0.507-0.507-0.507s-0.507 0.19-0.507 0.507v1.077c0 0.317 0.19 0.507 0.507 0.507z\"><\/path>\n<path d=\"M20.784 19.2c0.317 0 0.507-0.19 0.507-0.507v-1.077c0-0.317-0.19-0.507-0.507-0.507s-0.507 0.19-0.507 0.507v1.077c0 0.317 0.19 0.507 0.507 0.507z\"><\/path>\n<path d=\"M20.784 22.368c0.317 0 0.507-0.19 0.507-0.507v-1.077c0-0.317-0.19-0.507-0.507-0.507s-0.507 0.19-0.507 0.507v1.077c0 0.317 0.19 0.507 0.507 0.507z\"><\/path>\n<path d=\"M20.784 25.6c0.317 0 0.507-0.19 0.507-0.507v-1.077c0-0.317-0.19-0.507-0.507-0.507s-0.507 0.19-0.507 0.507v1.077c0 0.317 0.19 0.507 0.507 0.507z\"><\/path>\n<path d=\"M24.016 19.2c0.317 0 0.507-0.19 0.507-0.507v-1.077c0-0.317-0.19-0.507-0.507-0.507s-0.507 0.19-0.507 0.507v1.077c-0.063 0.317 0.19 0.507 0.507 0.507z\"><\/path>\n<path d=\"M24.016 15.968c0.317 0 0.507-0.19 0.507-0.507v-1.077c0-0.317-0.19-0.507-0.507-0.507s-0.507 0.19-0.507 0.507v1.077c-0.063 0.317 0.19 0.507 0.507 0.507z\"><\/path>\n<path d=\"M24.016 25.6c0.317 0 0.507-0.19 0.507-0.507v-1.077c0-0.317-0.19-0.507-0.507-0.507s-0.507 0.19-0.507 0.507v1.077c-0.063 0.317 0.19 0.507 0.507 0.507z\"><\/path>\n<path d=\"M24.016 22.368c0.317 0 0.507-0.19 0.507-0.507v-1.077c0-0.317-0.19-0.507-0.507-0.507s-0.507 0.19-0.507 0.507v1.077c-0.063 0.317 0.19 0.507 0.507 0.507z\"><\/path>\n<path d=\"M24.016 12.8c0.317 0 0.507-0.19 0.507-0.507v-1.077c0-0.317-0.19-0.507-0.507-0.507s-0.507 0.19-0.507 0.507v1.077c-0.063 0.317 0.19 0.507 0.507 0.507z\"><\/path>\n<path d=\"M5.893 20.277c0.317 0 0.507-0.19 0.507-0.507v-1.077c0-0.317-0.19-0.507-0.507-0.507s-0.507 0.19-0.507 0.507v1.077c-0.063 0.253 0.19 0.507 0.507 0.507z\"><\/path>\n<path d=\"M5.893 23.446c0.317 0 0.507-0.19 0.507-0.507v-1.077c0-0.317-0.19-0.507-0.507-0.507s-0.507 0.19-0.507 0.507v1.077c-0.063 0.317 0.19 0.507 0.507 0.507z\"><\/path>\n<path d=\"M5.893 26.677c0.317 0 0.507-0.19 0.507-0.507v-1.077c0-0.317-0.19-0.507-0.507-0.507s-0.507 0.19-0.507 0.507v1.077c-0.063 0.253 0.19 0.507 0.507 0.507z\"><\/path>\n<path d=\"M5.893 4.246c0.317 0 0.507-0.19 0.507-0.507v-1.077c0-0.317-0.19-0.507-0.507-0.507s-0.507 0.19-0.507 0.507v1.077c-0.063 0.317 0.19 0.507 0.507 0.507z\"><\/path>\n<path d=\"M5.893 7.477c0.317 0 0.507-0.19 0.507-0.507v-1.077c0-0.317-0.19-0.507-0.507-0.507s-0.507 0.19-0.507 0.507v1.077c-0.063 0.253 0.19 0.507 0.507 0.507z\"><\/path>\n<path d=\"M5.893 10.646c0.317 0 0.507-0.19 0.507-0.507v-1.077c0-0.317-0.19-0.507-0.507-0.507s-0.507 0.19-0.507 0.507v1.077c-0.063 0.317 0.19 0.507 0.507 0.507z\"><\/path>\n<path d=\"M5.893 13.877c0.317 0 0.507-0.19 0.507-0.507v-1.077c0-0.317-0.19-0.507-0.507-0.507s-0.507 0.19-0.507 0.507v1.014c-0.063 0.317 0.19 0.57 0.507 0.57z\"><\/path>\n<path d=\"M5.893 17.046c0.317 0 0.507-0.19 0.507-0.507v-1.077c0-0.317-0.19-0.507-0.507-0.507s-0.507 0.19-0.507 0.507v1.077c-0.063 0.317 0.19 0.507 0.507 0.507z\"><\/path>\n<path d=\"M9.061 7.477c0.317 0 0.507-0.19 0.507-0.507v-1.077c0-0.317-0.19-0.507-0.507-0.507s-0.507 0.19-0.507 0.507v1.077c0 0.253 0.19 0.507 0.507 0.507z\"><\/path>\n<path d=\"M9.061 4.246c0.317 0 0.507-0.19 0.507-0.507v-1.077c0-0.317-0.19-0.507-0.507-0.507s-0.507 0.19-0.507 0.507v1.077c0 0.317 0.19 0.507 0.507 0.507z\"><\/path>\n<path d=\"M9.061 13.877c0.317 0 0.507-0.19 0.507-0.507v-1.077c0-0.317-0.19-0.507-0.507-0.507s-0.507 0.19-0.507 0.507v1.014c0 0.317 0.19 0.57 0.507 0.57z\"><\/path>\n<path d=\"M9.061 10.646c0.317 0 0.507-0.19 0.507-0.507v-1.077c0-0.317-0.19-0.507-0.507-0.507s-0.507 0.19-0.507 0.507v1.077c0 0.317 0.19 0.507 0.507 0.507z\"><\/path>\n<path d=\"M9.061 17.046c0.317 0 0.507-0.19 0.507-0.507v-1.077c0-0.317-0.19-0.507-0.507-0.507s-0.507 0.19-0.507 0.507v1.077c0 0.317 0.19 0.507 0.507 0.507z\"><\/path>\n<path d=\"M9.061 20.277c0.317 0 0.507-0.19 0.507-0.507v-1.077c0-0.317-0.19-0.507-0.507-0.507s-0.507 0.19-0.507 0.507v1.077c0 0.253 0.19 0.507 0.507 0.507z\"><\/path>\n<path d=\"M9.061 23.446c0.317 0 0.507-0.19 0.507-0.507v-1.077c0-0.317-0.19-0.507-0.507-0.507s-0.507 0.19-0.507 0.507v1.077c0 0.317 0.19 0.507 0.507 0.507z\"><\/path>\n<path d=\"M12.293 10.646c0.317 0 0.507-0.19 0.507-0.507v-1.077c0-0.317-0.19-0.507-0.507-0.507s-0.507 0.19-0.507 0.507v1.077c-0.063 0.317 0.19 0.507 0.507 0.507z\"><\/path>\n<path d=\"M12.293 7.477c0.317 0 0.507-0.19 0.507-0.507v-1.077c0-0.317-0.19-0.507-0.507-0.507s-0.507 0.19-0.507 0.507v1.077c-0.063 0.253 0.19 0.507 0.507 0.507z\"><\/path>\n<path d=\"M12.293 4.246c0.317 0 0.507-0.19 0.507-0.507v-1.077c0-0.317-0.19-0.507-0.507-0.507s-0.507 0.19-0.507 0.507v1.077c-0.063 0.317 0.19 0.507 0.507 0.507z\"><\/path>\n<path d=\"M12.293 23.446c0.317 0 0.507-0.19 0.507-0.507v-1.077c0-0.317-0.19-0.507-0.507-0.507s-0.507 0.19-0.507 0.507v1.077c-0.063 0.317 0.19 0.507 0.507 0.507z\"><\/path>\n<path d=\"M12.293 20.277c0.317 0 0.507-0.19 0.507-0.507v-1.077c0-0.317-0.19-0.507-0.507-0.507s-0.507 0.19-0.507 0.507v1.077c-0.063 0.253 0.19 0.507 0.507 0.507z\"><\/path>\n<path d=\"M12.293 17.046c0.317 0 0.507-0.19 0.507-0.507v-1.077c0-0.317-0.19-0.507-0.507-0.507s-0.507 0.19-0.507 0.507v1.077c-0.063 0.317 0.19 0.507 0.507 0.507z\"><\/path>\n<path d=\"M12.293 13.877c0.317 0 0.507-0.19 0.507-0.507v-1.077c0-0.317-0.19-0.507-0.507-0.507s-0.507 0.19-0.507 0.507v1.014c-0.063 0.317 0.19 0.57 0.507 0.57z\"><\/path>\n<path d=\"M15.461 7.477c0.317 0 0.507-0.19 0.507-0.507v-1.077c0-0.317-0.19-0.507-0.507-0.507s-0.507 0.19-0.507 0.507v1.077c0 0.253 0.19 0.507 0.507 0.507z\"><\/path>\n<path d=\"M15.461 4.246c0.317 0 0.507-0.19 0.507-0.507v-1.077c0-0.317-0.19-0.507-0.507-0.507s-0.507 0.19-0.507 0.507v1.077c0 0.317 0.19 0.507 0.507 0.507z\"><\/path>\n<\/svg>\n<\/div><\/div><div class=\"gkit-piechart-lower-content\"><p class=\"gkit-piechart-description\">Do 2028 3,0 Mio m\u00b2<\/p><\/div><\/div><\/div>\n <\/div><\/div>\n <\/div><\/div>\n \n\n\n<p>Odkryj wszystkie nieruchomo\u015bci grupy Saller \u2013 i ju\u017c dzi\u015b zapewnij sobie miejsce na li\u015bcie rezerwacyjnej, na wypadek, gdyby zwolni\u0142a si\u0119 jaka\u015b powierzchnia.<\/p>\n\n\n  <div class=\"map-embed ratio ratio-16x9\">\r\n     <div class=\"brlbs-cmpnt-container brlbs-cmpnt-content-blocker brlbs-cmpnt-with-individual-styles\" data-borlabs-cookie-content-blocker-id=\"google-maps\" data-borlabs-cookie-content=\"PGlmcmFtZQ0KICAgICAgc3JjPSJodHRwczovL3d3dy5nb29nbGUuY29tL21hcHMvZC9lbWJlZD9taWQ9MUZwZlJCcTREU3ZCUk9OelZMZTFpYWtHTEFNRnpNOU0mIzAzODtlaGJjPTJFMzEyIg0KICAgICAgdGl0bGU9IlByb2pla3RrYXJ0ZSINCiAgICAgIGxvYWRpbmc9ImxhenkiDQogICAgICByZWZlcnJlcnBvbGljeT0ic3RyaWN0LW9yaWdpbi13aGVuLWNyb3NzLW9yaWdpbiINCiAgICAgIHN0eWxlPSJib3JkZXI6MCIgYWxsb3dmdWxsc2NyZWVuPjwvaWZyYW1lPg==\"><div class=\"brlbs-cmpnt-cb-preset-b brlbs-cmpnt-cb-google-maps\"> <div class=\"brlbs-cmpnt-cb-thumbnail\" style=\"background-image: url('https:\/\/saller-leasing.com\/wp-content\/uploads\/borlabs-cookie\/1\/brlbs-cb-google-maps-main.png')\"><\/div> <div class=\"brlbs-cmpnt-cb-main\"> <div class=\"brlbs-cmpnt-cb-content\"> <p class=\"brlbs-cmpnt-cb-description\">Aktualnie wy\u015bwietlana jest tre\u015b\u0107 zast\u0119pcza z <strong>Google Maps<\/strong>. Aby uzyska\u0107 dost\u0119p do rzeczywistej tre\u015bci, kliknij poni\u017cszy przycisk. Pami\u0119taj, \u017ce spowoduje to udost\u0119pnienie danych zewn\u0119trznym operatorom.<\/p> <a class=\"brlbs-cmpnt-cb-provider-toggle\" href=\"#\" data-borlabs-cookie-show-provider-information role=\"button\">Wi\u0119cej informacji<\/a> <\/div> <div class=\"brlbs-cmpnt-cb-buttons\"> <a class=\"brlbs-cmpnt-cb-btn\" href=\"#\" data-borlabs-cookie-unblock role=\"button\">Odblokuj tre\u015b\u0107<\/a> <a class=\"brlbs-cmpnt-cb-btn\" href=\"#\" data-borlabs-cookie-accept-service role=\"button\" style=\"display: inherit\">Zaakceptuj wymagan\u0105 us\u0142ug\u0119 i odblokuj tre\u015bci<\/a> <\/div> <\/div> <\/div><\/div>\r\n  <\/div>\r\n  \n","protected":false},"excerpt":{"rendered":"Odkryj wszystkie nieruchomo\u015bci grupy Saller \u2013 i ju\u017c dzi\u015b zapewnij sobie miejsce na li\u015bcie rezerwacyjnej, na wypadek, gdyby zwolni\u0142a si\u0119 jaka\u015b powierzchnia. [&#8230;]<p><a class=\"btn btn-secondary understrap-read-more-link\" href=\"https:\/\/saller-leasing.com\/pl\/projekty-i-portfolio\/\">Czytaj dalej\u2026<span class=\"screen-reader-text\"> from Projekty i portfolio<\/span><\/a><\/p>","protected":false},"author":1,"featured_media":0,"parent":0,"menu_order":0,"comment_status":"closed","ping_status":"closed","template":"","meta":{"_acf_changed":false,"inline_featured_image":false,"postBodyCss":"","postBodyMargin":[],"postBodyPadding":[],"postBodyBackground":{"backgroundType":"classic","gradient":""},"footnotes":""},"class_list":["post-4902","page","type-page","status-publish","hentry"],"featured_image_src":null,"acf":[],"yoast_head":"<!-- This site is optimized with the Yoast SEO plugin v27.3 - https:\/\/yoast.com\/product\/yoast-seo-wordpress\/ -->\n<title>Projekty i portfolio - Saller Leasing<\/title>\n<meta name=\"robots\" content=\"noindex, nofollow\" \/>\n<script type=\"application\/ld+json\" class=\"yoast-schema-graph\">{\"@context\":\"https:\\\/\\\/schema.org\",\"@graph\":[{\"@type\":\"WebPage\",\"@id\":\"https:\\\/\\\/saller-leasing.com\\\/pl\\\/projekty-i-portfolio\\\/\",\"url\":\"https:\\\/\\\/saller-leasing.com\\\/pl\\\/projekty-i-portfolio\\\/\",\"name\":\"Projekty i portfolio - Saller Leasing\",\"isPartOf\":{\"@id\":\"https:\\\/\\\/saller-leasing.com\\\/pl\\\/#website\"},\"datePublished\":\"2025-09-14T14:07:23+00:00\",\"dateModified\":\"2026-03-06T09:19:20+00:00\",\"breadcrumb\":{\"@id\":\"https:\\\/\\\/saller-leasing.com\\\/pl\\\/projekty-i-portfolio\\\/#breadcrumb\"},\"inLanguage\":\"pl-PL\",\"potentialAction\":[{\"@type\":\"ReadAction\",\"target\":[\"https:\\\/\\\/saller-leasing.com\\\/pl\\\/projekty-i-portfolio\\\/\"]}]},{\"@type\":\"BreadcrumbList\",\"@id\":\"https:\\\/\\\/saller-leasing.com\\\/pl\\\/projekty-i-portfolio\\\/#breadcrumb\",\"itemListElement\":[{\"@type\":\"ListItem\",\"position\":1,\"name\":\"Startseite\",\"item\":\"https:\\\/\\\/saller-leasing.com\\\/pl\\\/strona-glowna\\\/\"},{\"@type\":\"ListItem\",\"position\":2,\"name\":\"Projekty i portfolio\"}]},{\"@type\":\"WebSite\",\"@id\":\"https:\\\/\\\/saller-leasing.com\\\/pl\\\/#website\",\"url\":\"https:\\\/\\\/saller-leasing.com\\\/pl\\\/\",\"name\":\"Saller\",\"description\":\"\",\"publisher\":{\"@id\":\"https:\\\/\\\/saller-leasing.com\\\/pl\\\/#organization\"},\"potentialAction\":[{\"@type\":\"SearchAction\",\"target\":{\"@type\":\"EntryPoint\",\"urlTemplate\":\"https:\\\/\\\/saller-leasing.com\\\/pl\\\/?s={search_term_string}\"},\"query-input\":{\"@type\":\"PropertyValueSpecification\",\"valueRequired\":true,\"valueName\":\"search_term_string\"}}],\"inLanguage\":\"pl-PL\"},{\"@type\":\"Organization\",\"@id\":\"https:\\\/\\\/saller-leasing.com\\\/pl\\\/#organization\",\"name\":\"Saller Unternehmensgruppe\",\"url\":\"https:\\\/\\\/saller-leasing.com\\\/pl\\\/\",\"logo\":{\"@type\":\"ImageObject\",\"inLanguage\":\"pl-PL\",\"@id\":\"https:\\\/\\\/saller-leasing.com\\\/pl\\\/#\\\/schema\\\/logo\\\/image\\\/\",\"url\":\"https:\\\/\\\/saller-leasing.com\\\/wp-content\\\/uploads\\\/2025\\\/03\\\/Saller-ohne-Group_Immob-aus-Leidenschaft_Spruch-gross-01.png\",\"contentUrl\":\"https:\\\/\\\/saller-leasing.com\\\/wp-content\\\/uploads\\\/2025\\\/03\\\/Saller-ohne-Group_Immob-aus-Leidenschaft_Spruch-gross-01.png\",\"width\":1308,\"height\":270,\"caption\":\"Saller Unternehmensgruppe\"},\"image\":{\"@id\":\"https:\\\/\\\/saller-leasing.com\\\/pl\\\/#\\\/schema\\\/logo\\\/image\\\/\"},\"sameAs\":[\"https:\\\/\\\/www.linkedin.com\\\/in\\\/sallergroup\\\/\"]}]}<\/script>\n<!-- \/ Yoast SEO plugin. -->","yoast_head_json":{"title":"Projekty i portfolio - Saller Leasing","robots":{"index":"noindex","follow":"nofollow"},"schema":{"@context":"https:\/\/schema.org","@graph":[{"@type":"WebPage","@id":"https:\/\/saller-leasing.com\/pl\/projekty-i-portfolio\/","url":"https:\/\/saller-leasing.com\/pl\/projekty-i-portfolio\/","name":"Projekty i portfolio - Saller Leasing","isPartOf":{"@id":"https:\/\/saller-leasing.com\/pl\/#website"},"datePublished":"2025-09-14T14:07:23+00:00","dateModified":"2026-03-06T09:19:20+00:00","breadcrumb":{"@id":"https:\/\/saller-leasing.com\/pl\/projekty-i-portfolio\/#breadcrumb"},"inLanguage":"pl-PL","potentialAction":[{"@type":"ReadAction","target":["https:\/\/saller-leasing.com\/pl\/projekty-i-portfolio\/"]}]},{"@type":"BreadcrumbList","@id":"https:\/\/saller-leasing.com\/pl\/projekty-i-portfolio\/#breadcrumb","itemListElement":[{"@type":"ListItem","position":1,"name":"Startseite","item":"https:\/\/saller-leasing.com\/pl\/strona-glowna\/"},{"@type":"ListItem","position":2,"name":"Projekty i portfolio"}]},{"@type":"WebSite","@id":"https:\/\/saller-leasing.com\/pl\/#website","url":"https:\/\/saller-leasing.com\/pl\/","name":"Saller","description":"","publisher":{"@id":"https:\/\/saller-leasing.com\/pl\/#organization"},"potentialAction":[{"@type":"SearchAction","target":{"@type":"EntryPoint","urlTemplate":"https:\/\/saller-leasing.com\/pl\/?s={search_term_string}"},"query-input":{"@type":"PropertyValueSpecification","valueRequired":true,"valueName":"search_term_string"}}],"inLanguage":"pl-PL"},{"@type":"Organization","@id":"https:\/\/saller-leasing.com\/pl\/#organization","name":"Saller Unternehmensgruppe","url":"https:\/\/saller-leasing.com\/pl\/","logo":{"@type":"ImageObject","inLanguage":"pl-PL","@id":"https:\/\/saller-leasing.com\/pl\/#\/schema\/logo\/image\/","url":"https:\/\/saller-leasing.com\/wp-content\/uploads\/2025\/03\/Saller-ohne-Group_Immob-aus-Leidenschaft_Spruch-gross-01.png","contentUrl":"https:\/\/saller-leasing.com\/wp-content\/uploads\/2025\/03\/Saller-ohne-Group_Immob-aus-Leidenschaft_Spruch-gross-01.png","width":1308,"height":270,"caption":"Saller Unternehmensgruppe"},"image":{"@id":"https:\/\/saller-leasing.com\/pl\/#\/schema\/logo\/image\/"},"sameAs":["https:\/\/www.linkedin.com\/in\/sallergroup\/"]}]}},"_links":{"self":[{"href":"https:\/\/saller-leasing.com\/pl\/wp-json\/wp\/v2\/pages\/4902","targetHints":{"allow":["GET"]}}],"collection":[{"href":"https:\/\/saller-leasing.com\/pl\/wp-json\/wp\/v2\/pages"}],"about":[{"href":"https:\/\/saller-leasing.com\/pl\/wp-json\/wp\/v2\/types\/page"}],"author":[{"embeddable":true,"href":"https:\/\/saller-leasing.com\/pl\/wp-json\/wp\/v2\/users\/1"}],"replies":[{"embeddable":true,"href":"https:\/\/saller-leasing.com\/pl\/wp-json\/wp\/v2\/comments?post=4902"}],"version-history":[{"count":8,"href":"https:\/\/saller-leasing.com\/pl\/wp-json\/wp\/v2\/pages\/4902\/revisions"}],"predecessor-version":[{"id":7016,"href":"https:\/\/saller-leasing.com\/pl\/wp-json\/wp\/v2\/pages\/4902\/revisions\/7016"}],"wp:attachment":[{"href":"https:\/\/saller-leasing.com\/pl\/wp-json\/wp\/v2\/media?parent=4902"}],"curies":[{"name":"wp","href":"https:\/\/api.w.org\/{rel}","templated":true}]}}