{"id":4462,"date":"2025-08-31T22:49:31","date_gmt":"2025-08-31T20:49:31","guid":{"rendered":"https:\/\/leasing.s1center.de\/?page_id=4462"},"modified":"2025-08-31T22:56:22","modified_gmt":"2025-08-31T20:56:22","slug":"objekty","status":"publish","type":"page","link":"https:\/\/saller-leasing.com\/sk\/objekty\/","title":{"rendered":"Objekty"},"content":{"rendered":"","protected":false},"excerpt":{"rendered":" [&#8230;]<p><a class=\"btn btn-secondary understrap-read-more-link\" href=\"https:\/\/saller-leasing.com\/sk\/objekty\/\">\u010c\u00edta\u0165 viac&#8230;<span class=\"screen-reader-text\"> from Objekty<\/span><\/a><\/p>","protected":false},"author":1,"featured_media":0,"parent":0,"menu_order":0,"comment_status":"closed","ping_status":"closed","template":"page-objekte.php","meta":{"_acf_changed":false,"inline_featured_image":false,"postBodyCss":"","postBodyMargin":[],"postBodyPadding":[],"postBodyBackground":{"backgroundType":"classic","gradient":""},"footnotes":""},"class_list":["post-4462","page","type-page","status-publish","hentry"],"featured_image_src":null,"acf":[],"yoast_head":"<!-- This site is optimized with the Yoast SEO plugin v27.3 - https:\/\/yoast.com\/product\/yoast-seo-wordpress\/ -->\n<title>Objekty - Saller Leasing<\/title>\n<meta name=\"robots\" content=\"noindex, nofollow\" \/>\n<script type=\"application\/ld+json\" class=\"yoast-schema-graph\">{\"@context\":\"https:\\\/\\\/schema.org\",\"@graph\":[{\"@type\":\"WebPage\",\"@id\":\"https:\\\/\\\/saller-leasing.com\\\/sk\\\/objekty\\\/\",\"url\":\"https:\\\/\\\/saller-leasing.com\\\/sk\\\/objekty\\\/\",\"name\":\"Objekty - Saller Leasing\",\"isPartOf\":{\"@id\":\"https:\\\/\\\/saller-leasing.com\\\/sk\\\/#website\"},\"datePublished\":\"2025-08-31T20:49:31+00:00\",\"dateModified\":\"2025-08-31T20:56:22+00:00\",\"breadcrumb\":{\"@id\":\"https:\\\/\\\/saller-leasing.com\\\/sk\\\/objekty\\\/#breadcrumb\"},\"inLanguage\":\"sk-SK\",\"potentialAction\":[{\"@type\":\"ReadAction\",\"target\":[\"https:\\\/\\\/saller-leasing.com\\\/sk\\\/objekty\\\/\"]}]},{\"@type\":\"BreadcrumbList\",\"@id\":\"https:\\\/\\\/saller-leasing.com\\\/sk\\\/objekty\\\/#breadcrumb\",\"itemListElement\":[{\"@type\":\"ListItem\",\"position\":1,\"name\":\"Startseite\",\"item\":\"https:\\\/\\\/saller-leasing.com\\\/sk\\\/domovska-stranka\\\/\"},{\"@type\":\"ListItem\",\"position\":2,\"name\":\"Objekty\"}]},{\"@type\":\"WebSite\",\"@id\":\"https:\\\/\\\/saller-leasing.com\\\/sk\\\/#website\",\"url\":\"https:\\\/\\\/saller-leasing.com\\\/sk\\\/\",\"name\":\"Saller\",\"description\":\"\",\"publisher\":{\"@id\":\"https:\\\/\\\/saller-leasing.com\\\/sk\\\/#organization\"},\"potentialAction\":[{\"@type\":\"SearchAction\",\"target\":{\"@type\":\"EntryPoint\",\"urlTemplate\":\"https:\\\/\\\/saller-leasing.com\\\/sk\\\/?s={search_term_string}\"},\"query-input\":{\"@type\":\"PropertyValueSpecification\",\"valueRequired\":true,\"valueName\":\"search_term_string\"}}],\"inLanguage\":\"sk-SK\"},{\"@type\":\"Organization\",\"@id\":\"https:\\\/\\\/saller-leasing.com\\\/sk\\\/#organization\",\"name\":\"Saller Unternehmensgruppe\",\"url\":\"https:\\\/\\\/saller-leasing.com\\\/sk\\\/\",\"logo\":{\"@type\":\"ImageObject\",\"inLanguage\":\"sk-SK\",\"@id\":\"https:\\\/\\\/saller-leasing.com\\\/sk\\\/#\\\/schema\\\/logo\\\/image\\\/\",\"url\":\"https:\\\/\\\/saller-leasing.com\\\/wp-content\\\/uploads\\\/2025\\\/03\\\/Saller-ohne-Group_Immob-aus-Leidenschaft_Spruch-gross-01.png\",\"contentUrl\":\"https:\\\/\\\/saller-leasing.com\\\/wp-content\\\/uploads\\\/2025\\\/03\\\/Saller-ohne-Group_Immob-aus-Leidenschaft_Spruch-gross-01.png\",\"width\":1308,\"height\":270,\"caption\":\"Saller Unternehmensgruppe\"},\"image\":{\"@id\":\"https:\\\/\\\/saller-leasing.com\\\/sk\\\/#\\\/schema\\\/logo\\\/image\\\/\"},\"sameAs\":[\"https:\\\/\\\/www.linkedin.com\\\/in\\\/sallergroup\\\/\"]}]}<\/script>\n<!-- \/ Yoast SEO plugin. -->","yoast_head_json":{"title":"Objekty - Saller Leasing","robots":{"index":"noindex","follow":"nofollow"},"schema":{"@context":"https:\/\/schema.org","@graph":[{"@type":"WebPage","@id":"https:\/\/saller-leasing.com\/sk\/objekty\/","url":"https:\/\/saller-leasing.com\/sk\/objekty\/","name":"Objekty - Saller Leasing","isPartOf":{"@id":"https:\/\/saller-leasing.com\/sk\/#website"},"datePublished":"2025-08-31T20:49:31+00:00","dateModified":"2025-08-31T20:56:22+00:00","breadcrumb":{"@id":"https:\/\/saller-leasing.com\/sk\/objekty\/#breadcrumb"},"inLanguage":"sk-SK","potentialAction":[{"@type":"ReadAction","target":["https:\/\/saller-leasing.com\/sk\/objekty\/"]}]},{"@type":"BreadcrumbList","@id":"https:\/\/saller-leasing.com\/sk\/objekty\/#breadcrumb","itemListElement":[{"@type":"ListItem","position":1,"name":"Startseite","item":"https:\/\/saller-leasing.com\/sk\/domovska-stranka\/"},{"@type":"ListItem","position":2,"name":"Objekty"}]},{"@type":"WebSite","@id":"https:\/\/saller-leasing.com\/sk\/#website","url":"https:\/\/saller-leasing.com\/sk\/","name":"Saller","description":"","publisher":{"@id":"https:\/\/saller-leasing.com\/sk\/#organization"},"potentialAction":[{"@type":"SearchAction","target":{"@type":"EntryPoint","urlTemplate":"https:\/\/saller-leasing.com\/sk\/?s={search_term_string}"},"query-input":{"@type":"PropertyValueSpecification","valueRequired":true,"valueName":"search_term_string"}}],"inLanguage":"sk-SK"},{"@type":"Organization","@id":"https:\/\/saller-leasing.com\/sk\/#organization","name":"Saller Unternehmensgruppe","url":"https:\/\/saller-leasing.com\/sk\/","logo":{"@type":"ImageObject","inLanguage":"sk-SK","@id":"https:\/\/saller-leasing.com\/sk\/#\/schema\/logo\/image\/","url":"https:\/\/saller-leasing.com\/wp-content\/uploads\/2025\/03\/Saller-ohne-Group_Immob-aus-Leidenschaft_Spruch-gross-01.png","contentUrl":"https:\/\/saller-leasing.com\/wp-content\/uploads\/2025\/03\/Saller-ohne-Group_Immob-aus-Leidenschaft_Spruch-gross-01.png","width":1308,"height":270,"caption":"Saller Unternehmensgruppe"},"image":{"@id":"https:\/\/saller-leasing.com\/sk\/#\/schema\/logo\/image\/"},"sameAs":["https:\/\/www.linkedin.com\/in\/sallergroup\/"]}]}},"_links":{"self":[{"href":"https:\/\/saller-leasing.com\/sk\/wp-json\/wp\/v2\/pages\/4462","targetHints":{"allow":["GET"]}}],"collection":[{"href":"https:\/\/saller-leasing.com\/sk\/wp-json\/wp\/v2\/pages"}],"about":[{"href":"https:\/\/saller-leasing.com\/sk\/wp-json\/wp\/v2\/types\/page"}],"author":[{"embeddable":true,"href":"https:\/\/saller-leasing.com\/sk\/wp-json\/wp\/v2\/users\/1"}],"replies":[{"embeddable":true,"href":"https:\/\/saller-leasing.com\/sk\/wp-json\/wp\/v2\/comments?post=4462"}],"version-history":[{"count":1,"href":"https:\/\/saller-leasing.com\/sk\/wp-json\/wp\/v2\/pages\/4462\/revisions"}],"predecessor-version":[{"id":4463,"href":"https:\/\/saller-leasing.com\/sk\/wp-json\/wp\/v2\/pages\/4462\/revisions\/4463"}],"wp:attachment":[{"href":"https:\/\/saller-leasing.com\/sk\/wp-json\/wp\/v2\/media?parent=4462"}],"curies":[{"name":"wp","href":"https:\/\/api.w.org\/{rel}","templated":true}]}}